{"id":12,"date":"2013-07-09T10:58:39","date_gmt":"2013-07-09T08:58:39","guid":{"rendered":"http:\/\/test.aufhausen-ndb.de\/?page_id=12"},"modified":"2023-03-10T13:02:43","modified_gmt":"2023-03-10T11:02:43","slug":"pfarrei","status":"publish","type":"page","link":"https:\/\/www.aufhausen-ndb.de\/?page_id=12","title":{"rendered":"Pfarrei"},"content":{"rendered":"<p align=\"center\"><b>Pfarrei St. Michael Aufhausen<\/b><\/p>\n<p>Die Pfarrgemeinde Aufhausen z\u00e4hlt 888 Katholiken. Die <a href=\"http:\/\/www.aufhausen-ndb.de\/Pfarrei\/Kirche\/kirche.html\">Pfarrkirche ist dem Hl. Michael<\/a> geweiht und wurde in den Jahren 1984 und 1999 au\u00dfen und 1974 innen grundlegend renoviert. Zur Pfarrkirche geh\u00f6rt auch die Filialkirche St. Martin in Prunn sowie die beiden Nebenkirchen St. Leonhard in Rengersdorf und St. Petrus und Paulus in Pa\u00dfhausen. Die Pfarrgemeinde bildet zusammen mit den Pfarreien Exing, Mettenhausen, und Reichersdorf einen Pfarrverband.<\/p>\n<p>Verm\u00f6gensrechtlich wird die Pfarrei von der Kirchenstiftung Aufhausen verwaltet, unter Vorsitz des hauptamtlichen Pfarrers und des Kirchenpflegers sowie drei weiteren Kirchenverwaltungsmitgliedern, die alle 6 Jahre gew\u00e4hlt werden.<\/p>\n<p>Kirchenpfleger Aufhausen:\u00a0Hendlmeier Anton<i>, Reichersdorfer Str. 12 Tel. 09956\/649<br \/><\/i>Kirchenpflegerin Prunn: <i>M\u00fcller Erika, Prunn 42A<\/i><\/p>\n<p>Der Pfarrgemeinderat ist der vom Bischof eingesetzte Pastoralrat der Gemeinde und dient dem Aufbau einer lebendigen Pfarrgemeinde.<br \/>Er hat den Pfarrer in seinen Aufgaben zu beraten und zu unterst\u00fctzen. In Fragen, welche die Pfarrgemeinde betreffen je nach Sachbereiche beratend oder beschlie\u00dfend mitzuwirken.<\/p>\n<p>PGR-Vorsitzende: <i>Xaver Maier, <\/i><em>Aufhausen<\/em><i> <\/i><\/p>\n<table border=\"0\" width=\"100%\" cellspacing=\"3\" cellpadding=\"0\">\n<tbody>\n<tr>\n<td colspan=\"2\">Die zust\u00e4ndigen Seelsorger der Pfarrei Aufhausen:<\/td>\n<\/tr>\n<tr>\n<td valign=\"top\" width=\"118\">Pfarrer:<\/td>\n<td width=\"304\">P. Josef Jacek MS\n<p>\u00a0<\/p>\n<p>Reichersdorfer-Str. 13<\/p>\n<p>Tel. 09956-231\u00a0Fax. 09956-9050136<\/p>\n<\/td>\n<\/tr>\n<tr>\n<td valign=\"top\">\u00a0<\/td>\n<td>\u00a0<\/td>\n<\/tr>\n<tr>\n<td>\u00a0<\/td>\n<td>\u00a0<\/td>\n<\/tr>\n<\/tbody>\n<\/table>\n<p>Bei einem seelsorglichen Anliegen (Taufe, Beichte, Trauung, Krankenkommunion, Sterbefall, u.a.) wenden Sie sich bitte an Pfarrer P.\u00a0 Josef Jacek oder an das Pfarrb\u00fcro.<\/p>\n<table border=\"0\" width=\"100%\" cellspacing=\"3\" cellpadding=\"0\">\n<tbody>\n<tr>\n<td valign=\"top\" width=\"68\">Pfarramt:<\/td>\n<td width=\"267\"><i><i>Reichersdorfer Str. 13<\/i><\/i>\n<p>\u00a0<\/p>\n<p><i>Tel. 09956-231\u2013Fax 9050136 <\/i><a href=\"mailto:Pfarramt.Aufhausen@bistum-passau.de\">Pfarramt.Aufhausen@bistum-passau.de<\/a><\/p>\n<\/td>\n<\/tr>\n<\/tbody>\n<\/table>\n<p>Ansprechpartner im Pfarrb\u00fcro sind neben den Seelsorgern die Pfarrsekret\u00e4rinnen:<br \/><i>Frau Ingrid Stangl und Frau Christine Breitschopf<\/i><\/p>\n<table border=\"0\" width=\"100%\" cellspacing=\"3\" cellpadding=\"0\">\n<tbody>\n<tr>\n<td rowspan=\"4\" valign=\"top\" width=\"91\">\u00d6ffnungszeiten:<\/td>\n<td valign=\"top\" width=\"75\">Montag<\/td>\n<td width=\"107\">\n<p align=\"right\">\u00a08.00-12.00 Uhr<\/p>\n<\/td>\n<\/tr>\n<tr>\n<td>Dienstag<\/td>\n<td>\n<p align=\"right\">\u00a08.00-12.30 Uhr<\/p>\n<\/td>\n<\/tr>\n<tr>\n<td>Donnerstag<\/td>\n<td>\n<p align=\"right\">13:00-16:30 Uhr<\/p>\n<\/td>\n<\/tr>\n<tr>\n<td>Freitag<\/td>\n<td>\n<p align=\"right\">8:00-12:00 Uhr<\/p>\n<\/td>\n<\/tr>\n<\/tbody>\n<\/table>\n<table border=\"0\" width=\"100%\" cellspacing=\"3\" cellpadding=\"0\">\n<tbody>\n<tr>\n<td rowspan=\"4\" valign=\"top\" width=\"91\">\u00d6ffnungszeiten ab April<\/td>\n<td valign=\"top\" width=\"75\">Montag<\/td>\n<td width=\"107\">\n<p align=\"right\">\u00a08.00-12.00 Uhr<\/p>\n<\/td>\n<\/tr>\n<tr>\n<td>Dienstag<\/td>\n<td>\n<p align=\"right\">\u00a08.00-12.30 Uhr<\/p>\n<\/td>\n<\/tr>\n<tr>\n<td>Mittwoch<\/td>\n<td>\n<p align=\"right\">8:00-12:00 Uhr<\/p>\n<\/td>\n<\/tr>\n<tr>\n<td>Donnerstag<\/td>\n<td>\n<p align=\"right\">13:00-16:30 Uhr<\/p>\n<\/td>\n<\/tr>\n<\/tbody>\n<\/table>\n\n\n<p><\/p>\n","protected":false},"excerpt":{"rendered":"<p>Pfarrei St. Michael Aufhausen Die Pfarrgemeinde Aufhausen z\u00e4hlt 888 Katholiken. Die Pfarrkirche ist dem Hl. Michael geweiht und wurde in den Jahren 1984 und 1999 au\u00dfen und 1974 innen grundlegend renoviert. Zur Pfarrkirche geh\u00f6rt auch die Filialkirche St. Martin in Prunn sowie die beiden Nebenkirchen St. Leonhard in Rengersdorf und St. Petrus und Paulus in &hellip; <a href=\"https:\/\/www.aufhausen-ndb.de\/?page_id=12\" class=\"more-link\"><span class=\"screen-reader-text\">Pfarrei<\/span> weiterlesen <span class=\"meta-nav\">&rarr;<\/span><\/a><\/p>\n","protected":false},"author":1,"featured_media":0,"parent":0,"menu_order":2,"comment_status":"open","ping_status":"open","template":"","meta":{"ngg_post_thumbnail":0,"jetpack_post_was_ever_published":false,"footnotes":""},"class_list":["post-12","page","type-page","status-publish","hentry"],"jetpack_sharing_enabled":true,"jetpack_shortlink":"https:\/\/wp.me\/P9XgBb-c","_links":{"self":[{"href":"https:\/\/www.aufhausen-ndb.de\/index.php?rest_route=\/wp\/v2\/pages\/12"}],"collection":[{"href":"https:\/\/www.aufhausen-ndb.de\/index.php?rest_route=\/wp\/v2\/pages"}],"about":[{"href":"https:\/\/www.aufhausen-ndb.de\/index.php?rest_route=\/wp\/v2\/types\/page"}],"author":[{"embeddable":true,"href":"https:\/\/www.aufhausen-ndb.de\/index.php?rest_route=\/wp\/v2\/users\/1"}],"replies":[{"embeddable":true,"href":"https:\/\/www.aufhausen-ndb.de\/index.php?rest_route=%2Fwp%2Fv2%2Fcomments&post=12"}],"version-history":[{"count":8,"href":"https:\/\/www.aufhausen-ndb.de\/index.php?rest_route=\/wp\/v2\/pages\/12\/revisions"}],"predecessor-version":[{"id":1041,"href":"https:\/\/www.aufhausen-ndb.de\/index.php?rest_route=\/wp\/v2\/pages\/12\/revisions\/1041"}],"wp:attachment":[{"href":"https:\/\/www.aufhausen-ndb.de\/index.php?rest_route=%2Fwp%2Fv2%2Fmedia&parent=12"}],"curies":[{"name":"wp","href":"https:\/\/api.w.org\/{rel}","templated":true}]}}