{"id":131,"date":"2013-11-27T09:53:00","date_gmt":"2013-11-27T07:53:00","guid":{"rendered":"http:\/\/test.aufhausen-ndb.de\/?page_id=131"},"modified":"2015-03-30T17:16:40","modified_gmt":"2015-03-30T15:16:40","slug":"kirchenchor","status":"publish","type":"page","link":"https:\/\/www.aufhausen-ndb.de\/?page_id=131","title":{"rendered":"Kirchenchor"},"content":{"rendered":"<p><a href=\"http:\/\/test.aufhausen-ndb.de\/wp-content\/uploads\/2013\/11\/Kirchenchor.jpg\"><img loading=\"lazy\" decoding=\"async\" class=\"alignnone size-medium wp-image-133\" src=\"http:\/\/test.aufhausen-ndb.de\/wp-content\/uploads\/2013\/11\/Kirchenchor.jpg\" alt=\"KONICA MINOLTA DIGITAL CAMERA\" width=\"1\" height=\"1\" \/><\/a>Im Februar 1988 wurde auf die Initiative vom damaligen Pfarrer Konrad Bittmann in Aufhausen wieder ein Kirchenchor gegr\u00fcndet. Der Chor stand 20 Jahre unter der Leitung von Regina Kaltenecker. Von 2008 bis 2014 war Rosemarie B\u00fcchner als Chorleiterin t\u00e4tig. Seit 2014 ist nun Theresa Edlheim Chorleiterin. Au\u00dfer an den hohen kirchlichen Feiertagen wird auch auf Hochzeiten und Beerdigungen gesungen. Zu den H\u00f6hepunkten des Chor\u00b4s geh\u00f6rte sicherlich die 40 Jahr-Feier des Pfarrverbandes Aufhausen sowie das 25-jahrige Chorjubil\u00e4um.<\/p>\n<figure id=\"attachment_142\" aria-describedby=\"caption-attachment-142\" style=\"width: 600px\" class=\"wp-caption aligncenter\"><a href=\"http:\/\/test.aufhausen-ndb.de\/wp-content\/uploads\/2013\/11\/Kirchenchor.jpg\"><img loading=\"lazy\" decoding=\"async\" class=\"size-medium wp-image-142 \" src=\"http:\/\/test.aufhausen-ndb.de\/wp-content\/uploads\/2013\/11\/Kirchenchor-600x398.jpg\" alt=\"Mitlglieder des Chores mit Gasts\u00e4ngern f\u00fcr das 25 j\u00e4hrige Jubil\u00e4um im Jahr 2013\" width=\"600\" height=\"398\" srcset=\"https:\/\/www.aufhausen-ndb.de\/wp-content\/uploads\/2013\/11\/Kirchenchor-600x398.jpg 600w, https:\/\/www.aufhausen-ndb.de\/wp-content\/uploads\/2013\/11\/Kirchenchor-250x166.jpg 250w, https:\/\/www.aufhausen-ndb.de\/wp-content\/uploads\/2013\/11\/Kirchenchor-1024x680.jpg 1024w, https:\/\/www.aufhausen-ndb.de\/wp-content\/uploads\/2013\/11\/Kirchenchor.jpg 1504w\" sizes=\"(max-width: 600px) 100vw, 600px\" \/><\/a><figcaption id=\"caption-attachment-142\" class=\"wp-caption-text\">Mitlglieder des Chores mit Gasts\u00e4ngern f\u00fcr das 25 j\u00e4hrige Jubil\u00e4um im Jahr 2013<\/figcaption><\/figure>\n<p>Hier als H\u00f6rprobe das Gloria gesungen in der Osternacht 2014.<\/p>\n<!--[if lt IE 9]><script>document.createElement('audio');<\/script><![endif]-->\n<audio class=\"wp-audio-shortcode\" id=\"audio-131-1\" preload=\"none\" style=\"width: 100%;\" controls=\"controls\"><source type=\"audio\/mpeg\" src=\"http:\/\/www.aufhausen-ndb.de\/wp-content\/uploads\/2014\/04\/Gloria.mp3?_=1\" \/><a href=\"http:\/\/www.aufhausen-ndb.de\/wp-content\/uploads\/2014\/04\/Gloria.mp3\">http:\/\/www.aufhausen-ndb.de\/wp-content\/uploads\/2014\/04\/Gloria.mp3<\/a><\/audio>\n","protected":false},"excerpt":{"rendered":"<p>Im Februar 1988 wurde auf die Initiative vom damaligen Pfarrer Konrad Bittmann in Aufhausen wieder ein Kirchenchor gegr\u00fcndet. Der Chor stand 20 Jahre unter der Leitung von Regina Kaltenecker. Von 2008 bis 2014 war Rosemarie B\u00fcchner als Chorleiterin t\u00e4tig. Seit 2014 ist nun Theresa Edlheim Chorleiterin. Au\u00dfer an den hohen kirchlichen Feiertagen wird auch auf &hellip; <a href=\"https:\/\/www.aufhausen-ndb.de\/?page_id=131\" class=\"more-link\"><span class=\"screen-reader-text\">Kirchenchor<\/span> weiterlesen <span class=\"meta-nav\">&rarr;<\/span><\/a><\/p>\n","protected":false},"author":1,"featured_media":0,"parent":19,"menu_order":0,"comment_status":"open","ping_status":"open","template":"","meta":{"ngg_post_thumbnail":0,"jetpack_post_was_ever_published":false,"footnotes":""},"class_list":["post-131","page","type-page","status-publish","hentry"],"jetpack_sharing_enabled":true,"jetpack_shortlink":"https:\/\/wp.me\/P9XgBb-27","_links":{"self":[{"href":"https:\/\/www.aufhausen-ndb.de\/index.php?rest_route=\/wp\/v2\/pages\/131"}],"collection":[{"href":"https:\/\/www.aufhausen-ndb.de\/index.php?rest_route=\/wp\/v2\/pages"}],"about":[{"href":"https:\/\/www.aufhausen-ndb.de\/index.php?rest_route=\/wp\/v2\/types\/page"}],"author":[{"embeddable":true,"href":"https:\/\/www.aufhausen-ndb.de\/index.php?rest_route=\/wp\/v2\/users\/1"}],"replies":[{"embeddable":true,"href":"https:\/\/www.aufhausen-ndb.de\/index.php?rest_route=%2Fwp%2Fv2%2Fcomments&post=131"}],"version-history":[{"count":10,"href":"https:\/\/www.aufhausen-ndb.de\/index.php?rest_route=\/wp\/v2\/pages\/131\/revisions"}],"predecessor-version":[{"id":487,"href":"https:\/\/www.aufhausen-ndb.de\/index.php?rest_route=\/wp\/v2\/pages\/131\/revisions\/487"}],"up":[{"embeddable":true,"href":"https:\/\/www.aufhausen-ndb.de\/index.php?rest_route=\/wp\/v2\/pages\/19"}],"wp:attachment":[{"href":"https:\/\/www.aufhausen-ndb.de\/index.php?rest_route=%2Fwp%2Fv2%2Fmedia&parent=131"}],"curies":[{"name":"wp","href":"https:\/\/api.w.org\/{rel}","templated":true}]}}