{"id":311,"date":"2014-04-23T15:04:21","date_gmt":"2014-04-23T13:04:21","guid":{"rendered":"http:\/\/www.aufhausen-ndb.de\/?page_id=311"},"modified":"2014-04-23T15:21:30","modified_gmt":"2014-04-23T13:21:30","slug":"schuetzengesellschaft-dvilstaler-aufhausen-e-v-gegruendet-1878","status":"publish","type":"page","link":"https:\/\/www.aufhausen-ndb.de\/?page_id=311","title":{"rendered":"Sch\u00fctzenverein"},"content":{"rendered":"<h3>Sch\u00fctzengesellschaft &#8222;D`Vilstaler Aufhausen e.V.&#8220;, gegr\u00fcndet 1878<\/h3>\n<p><a href=\"http:\/\/www.aufhausen-ndb.de\/wp-content\/uploads\/2014\/04\/LOGO_SCHUETZEN.gif\"><img loading=\"lazy\" decoding=\"async\" class=\"aligncenter size-full wp-image-313\" src=\"http:\/\/www.aufhausen-ndb.de\/wp-content\/uploads\/2014\/04\/LOGO_SCHUETZEN.gif\" alt=\"LOGO_SCHUETZEN\" width=\"187\" height=\"249\" \/><\/a><\/p>\n<p>Gr\u00fcndungsgedanke: Zeitgeist 1870\/71 &#8211; Wildererromantik &#8211; J\u00e4gerei<\/p>\n<p>Als 1878 der Verein gegr\u00fcndet wurde, waren Dekan Hofreiter und Kr\u00e4mereibesitzer Schweizer (ehem. Gemischtwarengesch\u00e4ft Edmaier) die Gr\u00fcndungsinitiatoren; beide waren damals die P\u00e4chter der Gemeindejagd. Die Gr\u00fcndung erfolgte im Maierbr\u00e4u (ehem. Gasthof Buchner).<\/p>\n<p align=\"JUSTIFY\">Erste Mitglieder waren:<br \/>\nKaps Hans vom Reitbergerhof (Eisenreich, Kaiser)<br \/>\nKaps Heinrich vom Hochholzerhof (Baumann)<br \/>\nSchr\u00f6mer Georg<br \/>\nJosef Maier, Bierbrauer auf dem ehem. Buchnerhof<\/p>\n<p align=\"JUSTIFY\"><a title=\"Sch\u00fctzenmeister\" href=\"http:\/\/www.aufhausen-ndb.de\/?page_id=323\">Sch\u00fctzenmeister<\/a> zur damaligen Zeit:<br \/>\nMichael Pollinger<br \/>\nJosef Fuchsberger, Haagerbauer<br \/>\nKaufmann Mohr auf dem heutigen Kern-Anwesen<br \/>\nWagner Lorenz, genannt Zimmerer Lenz<br \/>\nLudwig Geier, Gro\u00dfknecht auf dem heutigen Deiritzenhof<\/p>\n<p align=\"JUSTIFY\">Durch die Heirat einer Tochter des Maierbr\u00e4u (ehem. Gasthaus Buchner) mit Huber (fr\u00fcher Wieland, jetzt Gasthaus Gitschel) wurde das Lokal gewechselt, doch der Schie\u00dfbetrieb konnte aufrecht erhalten werden. Geldquelle f\u00fcr den Verein waren die Einnahmen aus dem Schie\u00dfbetrieb. 5 Schu\u00df kosteten 20 Pfennige.<\/p>\n<p align=\"JUSTIFY\">Die Sch\u00fctzenb\u00e4lle wurden damals ganz gro\u00df gefeiert; nachmittags Festzug mit Kapelle durch das Dorf.<\/p>\n<p align=\"JUSTIFY\">Der Ausbruch des 1. Weltkrieges brachte f\u00fcr den Verein eine Pause; der Schie\u00dfbetrieb ruhte.<\/p>\n<p align=\"JUSTIFY\">H. Mohr und Josef Fuchsberger vom Haagerhof ergriffen 1918 die Initiative zu einer Neubelebung des Vereins. Es wurde ein Zimmerstutzen gekauft f\u00fcr 1000 Inflationsmark.<\/p>\n<p align=\"JUSTIFY\"><a href=\"http:\/\/www.aufhausen-ndb.de\/wp-content\/uploads\/2014\/04\/SCHUETZEN_1918.jpeg\"><img loading=\"lazy\" decoding=\"async\" class=\"aligncenter size-medium wp-image-314\" src=\"http:\/\/www.aufhausen-ndb.de\/wp-content\/uploads\/2014\/04\/SCHUETZEN_1918-600x459.jpeg\" alt=\"SCHUETZEN_1918\" width=\"600\" height=\"459\" srcset=\"https:\/\/www.aufhausen-ndb.de\/wp-content\/uploads\/2014\/04\/SCHUETZEN_1918-600x459.jpeg 600w, https:\/\/www.aufhausen-ndb.de\/wp-content\/uploads\/2014\/04\/SCHUETZEN_1918-250x191.jpeg 250w, https:\/\/www.aufhausen-ndb.de\/wp-content\/uploads\/2014\/04\/SCHUETZEN_1918.jpeg 715w\" sizes=\"(max-width: 600px) 100vw, 600px\" \/><\/a><\/p>\n<p align=\"JUSTIFY\">Nachkriegsvorst\u00e4nde:<br \/>\nJosef Poppenwimmer<br \/>\nAlois Obermeier<br \/>\nGeorg Schr\u00f6mer<\/p>\n<p align=\"JUSTIFY\">1921 Schinnerl Josef \u00fcbernimmt Kasse (bis 1964)<\/p>\n<p align=\"JUSTIFY\">1939 &#8211; 1945 der Schie\u00dfbetrieb ruhte<\/p>\n<p align=\"JUSTIFY\">1945 neuer Anfang. Zwei Gewehre wurden \u00fcber die Kriegsjahre &#8222;her\u00fcbergerettet&#8220;; Zimmerstutzen aus den 20er Jahren wurden von den Amerikanern vernichtet.<br \/>\nDamals war der Schie\u00dfbetrieb in der Gaststube Wieland.<\/p>\n<p>1959 &#8211; 1961 Sch\u00fctzenmeister Xaver Obermeier<\/p>\n<p>1961 &#8211; 1964 Sch\u00fctzenmeister Max Zillner<\/p>\n<p>6.1.1962 1. Gausch\u00fctzenball in Aufhausen<\/p>\n<p>1963 Sch\u00fctzenverein stellt ersten <a title=\"Maibaumspender\" href=\"http:\/\/www.aufhausen-ndb.de\/?page_id=316\">Maibaum<\/a> auf<\/p>\n<p>1964 &#8211; 1966 Sch\u00fctzenmeister Heribert Kaiser<\/p>\n<p>1964 Absprache mit anderen Dorfvereinen sichert der Sch\u00fctzengesellschaft das j\u00e4hrliche Aufstellen eines Maibaums<\/p>\n<p>8.6.1964 Josef Schinnerl wird Ehrenmitglied<\/p>\n<p align=\"JUSTIFY\">\u00a0Hans G\u00fcttler \u00fcbernimmt Sch\u00fctzenkasse (bis 1999)<\/p>\n<p align=\"JUSTIFY\">17.6.1964 erster Sch\u00fctzenausflug nach Haid (Radtour)<\/p>\n<p align=\"JUSTIFY\">21.11.1965 Freundschaftsschie\u00dfen mit dem Sch\u00fctzenverein D`Isartaler Zeholfing.<br \/>\nFreundschaftsgr\u00fcndung Aufhausen &#8211; Zeholfing<\/p>\n<p align=\"JUSTIFY\">1965 erste Teilnahme an Gaurundenwettk\u00e4mpfen<br \/>\nXaver Brunnhuber zum Ehrensch\u00fctzenmeister ernannt; seit 1920 beim Verein, er war lange Jahre 1. Sch\u00fctzenmeister<\/p>\n<p align=\"JUSTIFY\">15.4.1966 Thomas Brunner jun. neuer Sch\u00fctzenmeister<\/p>\n<p align=\"JUSTIFY\">1968 90-j\u00e4hriges Gr\u00fcndungsjubil\u00e4um mit Fahnenweihe Schirmherr: Landrat Dr. Winklhofer Fahnenmutter: Maria Willnecker, Schwatzen<\/p>\n<p align=\"JUSTIFY\">1973 Ludwig Hobmeier wird 1. Sch\u00fctzenmeister<\/p>\n<p align=\"JUSTIFY\">1975 Thomas Brunner sen. wird Ehrenmitglied<\/p>\n<p align=\"JUSTIFY\">Mai 1975 1. Gemeindemeisterschaftsschie\u00dfen in Enzerweis mit 127 Sch\u00fctzen<\/p>\n<p align=\"JUSTIFY\">Mai 1976 Hubert Brunner wird Gausch\u00fctzenk\u00f6nig<\/p>\n<p align=\"JUSTIFY\">1976 2. Gemeindemeisterschaftsschie\u00dfen in Aufhausen<\/p>\n<p align=\"JUSTIFY\">1976 Nach dreimonatiger Bauzeit wird das Sch\u00fctzenhaus fertiggestellt durch 1500 freiwillige Arbeitsstunden. Weiheakt durch Pfarrer Konrad K\u00f6ppl. Materialkosten: ca. 15.000 DM. Fa. Xaver Leonhart ist gr\u00f6\u00dfter Spender. Erstmals finden auch Damen Freude am Schie\u00dfsport<\/p>\n<p align=\"JUSTIFY\">Juni 1977 1. Gauk\u00f6nigsschie\u00dfen in Aufhausen Gausch\u00fctzenk\u00f6nig wieder Hubert Brunner<\/p>\n<p align=\"JUSTIFY\">1977 erstmals Teilnahme an den Gaurundenwettk\u00e4mpfen mit 2 Mannschaften<\/p>\n<p align=\"JUSTIFY\">9.3.1978 2. Gauk\u00f6nigsschie\u00dfen in Aufhausen<\/p>\n<p align=\"JUSTIFY\">1978 neue Sch\u00fctzenkette wird in Auftrag gegeben; ein Entwurf von Kaiser Heribert wird zugrundegelegt.<\/p>\n<p align=\"JUSTIFY\">27. &#8211; 28.5.78 100-j\u00e4hriges Gr\u00fcndungsfest mit \u00fcber 40 Vereinen<\/p>\n<p align=\"JUSTIFY\">16.12.1978 Ehrenmitglied Josef Schinnerl gestorben; er war \u00fcber 60 Jahre Mitglied und 43 Jahre Kassier<\/p>\n<p align=\"JUSTIFY\">1979 erstmals in der Geschichte des Vereins eine &#8222;Sch\u00fctzenk\u00f6nigin&#8220;: Inge Sp\u00f6rl<\/p>\n<p align=\"JUSTIFY\">Nov. 1979 innerhalb von 2 Jahren bei den Gaurundenwettk\u00e4mpfen Aufstieg in die st\u00e4rkste Gruppe des Sch\u00fctzengaus<\/p>\n<p align=\"JUSTIFY\">2.5.1981 Erwin Esterl wird 1. Sch\u00fctzenmeister<\/p>\n<p align=\"JUSTIFY\">1981 Patenschaft bei den &#8222;Isartalern Zeholfing&#8220; wird \u00fcbernommen (Fahnenweihe vom 2. bis 5. Juli 1982)<\/p>\n<p align=\"JUSTIFY\">1984 Verein gibt sich eine Satzung. Eintrag in das Vereinsregister<\/p>\n<p align=\"JUSTIFY\">1985 Kauf einer neuen Teilermaschine<\/p>\n<p align=\"JUSTIFY\">1985 Satzungs\u00e4nderung<\/p>\n<p align=\"JUSTIFY\">1986 Ehrensch\u00fctzenmeister Thomas Brunner sen. gestorben<\/p>\n<p align=\"JUSTIFY\">9.3.1988 Gemeindemeisterschaftsschie\u00dfen in Aufhausen<\/p>\n<p align=\"JUSTIFY\">14.5.1988 Feier zum 110-j\u00e4hrigen Gr\u00fcndungsjubil\u00e4um mit Patenverein &#8222;D` Isartalern Zeholfing&#8220;<br \/>\nGeorg Gramelsberger wird Ehrenmitglied<\/p>\n<p align=\"JUSTIFY\">Mai 1989 Aufhausen wird Gemeindemeister bei Gemeindemeisterschaft in Perbing<\/p>\n<p align=\"JUSTIFY\">Sept. 1991 Carola Hannecker wird beim Oktoberfestschie\u00dfen in M\u00fcnchen Landesjugendk\u00f6nigin<\/p>\n<p align=\"JUSTIFY\">1994 in vielen (1228) Freizeitstunden das Sch\u00fctzenhaus umgebaut bzw. modernisiert. Ein langer Wunsch hat sich damit erf\u00fcllt; von einem Neubau wurde abgesehen.<\/p>\n<p align=\"JUSTIFY\">April 1997 Hannecker Martin wird Gausch\u00fctzenk\u00f6nig<\/p>\n<p align=\"JUSTIFY\">Sept. 1997 Teilermaschine wird erneuert (DISAG)<\/p>\n<p align=\"JUSTIFY\">27.12.1997 Gauball in Aufhausen<\/p>\n<p align=\"JUSTIFY\">27.2.-08.3.1998 Gauk\u00f6nigsschie\u00dfen in Aufhausen<\/p>\n<p align=\"JUSTIFY\">18.3.-29.3.1998 Gemeindemeisterschaft in Aufhausen<\/p>\n<p align=\"JUSTIFY\">Okt. 1998 Satzungs\u00e4nderung<\/p>\n<p align=\"JUSTIFY\">Mai 1999 Hans G\u00fcttler nach 35j\u00e4hriger T\u00e4tigkeit als Kassier zur\u00fcckgetreten<\/p>\n<p align=\"JUSTIFY\">Mai 2000 neuen Standort f\u00fcr den Maibaum auf dem ehem. Bahnhofgel\u00e4nde im Rahmen der Dorferneuerung gefunden<\/p>\n<p align=\"JUSTIFY\">Mai 2000 Dacherneuerung des Sch\u00fctzenhauses<\/p>\n","protected":false},"excerpt":{"rendered":"<p>Sch\u00fctzengesellschaft &#8222;D`Vilstaler Aufhausen e.V.&#8220;, gegr\u00fcndet 1878 Gr\u00fcndungsgedanke: Zeitgeist 1870\/71 &#8211; Wildererromantik &#8211; J\u00e4gerei Als 1878 der Verein gegr\u00fcndet wurde, waren Dekan Hofreiter und Kr\u00e4mereibesitzer Schweizer (ehem. Gemischtwarengesch\u00e4ft Edmaier) die Gr\u00fcndungsinitiatoren; beide waren damals die P\u00e4chter der Gemeindejagd. Die Gr\u00fcndung erfolgte im Maierbr\u00e4u (ehem. Gasthof Buchner). Erste Mitglieder waren: Kaps Hans vom Reitbergerhof (Eisenreich, Kaiser) Kaps &hellip; <a href=\"https:\/\/www.aufhausen-ndb.de\/?page_id=311\" class=\"more-link\"><span class=\"screen-reader-text\">Sch\u00fctzenverein<\/span> weiterlesen <span class=\"meta-nav\">&rarr;<\/span><\/a><\/p>\n","protected":false},"author":1,"featured_media":0,"parent":19,"menu_order":0,"comment_status":"open","ping_status":"open","template":"","meta":{"ngg_post_thumbnail":0,"jetpack_post_was_ever_published":false,"footnotes":""},"class_list":["post-311","page","type-page","status-publish","hentry"],"jetpack_sharing_enabled":true,"jetpack_shortlink":"https:\/\/wp.me\/P9XgBb-51","_links":{"self":[{"href":"https:\/\/www.aufhausen-ndb.de\/index.php?rest_route=\/wp\/v2\/pages\/311"}],"collection":[{"href":"https:\/\/www.aufhausen-ndb.de\/index.php?rest_route=\/wp\/v2\/pages"}],"about":[{"href":"https:\/\/www.aufhausen-ndb.de\/index.php?rest_route=\/wp\/v2\/types\/page"}],"author":[{"embeddable":true,"href":"https:\/\/www.aufhausen-ndb.de\/index.php?rest_route=\/wp\/v2\/users\/1"}],"replies":[{"embeddable":true,"href":"https:\/\/www.aufhausen-ndb.de\/index.php?rest_route=%2Fwp%2Fv2%2Fcomments&post=311"}],"version-history":[{"count":3,"href":"https:\/\/www.aufhausen-ndb.de\/index.php?rest_route=\/wp\/v2\/pages\/311\/revisions"}],"predecessor-version":[{"id":328,"href":"https:\/\/www.aufhausen-ndb.de\/index.php?rest_route=\/wp\/v2\/pages\/311\/revisions\/328"}],"up":[{"embeddable":true,"href":"https:\/\/www.aufhausen-ndb.de\/index.php?rest_route=\/wp\/v2\/pages\/19"}],"wp:attachment":[{"href":"https:\/\/www.aufhausen-ndb.de\/index.php?rest_route=%2Fwp%2Fv2%2Fmedia&parent=311"}],"curies":[{"name":"wp","href":"https:\/\/api.w.org\/{rel}","templated":true}]}}