{"id":511,"date":"2015-05-22T14:25:29","date_gmt":"2015-05-22T12:25:29","guid":{"rendered":"http:\/\/www.aufhausen-ndb.de\/?page_id=511"},"modified":"2015-05-22T14:25:29","modified_gmt":"2015-05-22T12:25:29","slug":"krk-aufhausen","status":"publish","type":"page","link":"https:\/\/www.aufhausen-ndb.de\/?page_id=511","title":{"rendered":"KRK-Aufhausen"},"content":{"rendered":"<h3><em>Krieger- und Reservistenkameradschaft Aufhausen<\/em><\/h3>\n<p>&nbsp;<\/p>\n<p>Es war im Februar 1884, als Sergeant Weigl vom Polizeiposten Haunersdorf alle ehemaligen Krieger und Soldaten in den Brauereigasthof Maier in Aufhausen (sp\u00e4ter Gasthof Buchner) zu einer Versammlung einlud. Die Teilnehmer der Kriege 1866 und 1870\/71schlossen sich zusammen und gr\u00fcndeten den Krieger- und Milit\u00e4rverein, um die im Feld ge\u00fcbte Kameradschaft in der Heimat weiterzupflegen. Dem Verein traten die Gedienten aus den Orten Aufhausen, Haunersdorf, Mettenhausen, Reichersdorf, Wildthurn, Exing, Rannersdorf, Lappersdorf, Prunn, Rengersdorf, Pa\u00dfhausen und den dazugeh\u00f6rigen Ein\u00f6den bei. Der Gr\u00fcnder des Vereins, Sergeant Weigl lehnte jedoch eine Wahl zum 1. Vorstand ab, so wurde Xaver Aigner als 1. Vorsitzender gew\u00e4hlt.<\/p>\n<p>Zum Ruhen kam der Verein w\u00e4hrend des 1. Weltkrieges, doch um so intensiver wurde die Vereinst\u00e4tigkeit 1919, galt es doch den Gefallenen dieses Krieges ein bleibendes Denkmal zu schaffen. In Zusammenarbeit mit den Gemeinden Aufhausen und Rengersdorf konnte 1921 das Kriegerdenkmal im Dorf enth\u00fcllt werden, das von der Landauer K\u00fcnstlerin Rose von Ranson entworfen und gefertigt wurde. Den Platz f\u00fcr das Kriegerdenkmal stellte damals der Bauer Alois Obermeier unentgeltlich zur Verf\u00fcgung.<\/p>\n<p><a href=\"http:\/\/www.aufhausen-ndb.de\/wp-content\/uploads\/2015\/05\/Kriegerdenkmal.jpeg\"><img loading=\"lazy\" decoding=\"async\" class=\"aligncenter  wp-image-513\" src=\"http:\/\/www.aufhausen-ndb.de\/wp-content\/uploads\/2015\/05\/Kriegerdenkmal.jpeg\" alt=\"Kriegerdenkmal\" width=\"409\" height=\"545\" srcset=\"https:\/\/www.aufhausen-ndb.de\/wp-content\/uploads\/2015\/05\/Kriegerdenkmal.jpeg 769w, https:\/\/www.aufhausen-ndb.de\/wp-content\/uploads\/2015\/05\/Kriegerdenkmal-188x250.jpeg 188w, https:\/\/www.aufhausen-ndb.de\/wp-content\/uploads\/2015\/05\/Kriegerdenkmal-451x600.jpeg 451w\" sizes=\"(max-width: 409px) 100vw, 409px\" \/><\/a>Ein weiteres Denkmal wurde vom Verein an der Nordseite der Pfarrkirche im selben Jahr angebracht, in dem alle Vereinskameraden in \u00fcber 100 Jahren verewigt sind. Die Pflege dieser Denkm\u00e4ler und ein weiteres in Prunn ist bis zum heutigen Tag Aufgabe des Vereins geblieben. J\u00e4hrlich zweimal, beim Jahresfest im Fr\u00fchjahr und beim Volkstrauertag im Herbst, werden dort Kr\u00e4nze in Erinnerung der Kriegstoten niedergelegt.<\/p>\n<p><a href=\"http:\/\/www.aufhausen-ndb.de\/wp-content\/uploads\/2015\/05\/Gedenktafel.jpeg\"><img loading=\"lazy\" decoding=\"async\" class=\"aligncenter  wp-image-514\" src=\"http:\/\/www.aufhausen-ndb.de\/wp-content\/uploads\/2015\/05\/Gedenktafel.jpeg\" alt=\"Gedenktafel\" width=\"452\" height=\"340\" srcset=\"https:\/\/www.aufhausen-ndb.de\/wp-content\/uploads\/2015\/05\/Gedenktafel.jpeg 1024w, https:\/\/www.aufhausen-ndb.de\/wp-content\/uploads\/2015\/05\/Gedenktafel-250x188.jpeg 250w, https:\/\/www.aufhausen-ndb.de\/wp-content\/uploads\/2015\/05\/Gedenktafel-600x451.jpeg 600w\" sizes=\"(max-width: 452px) 100vw, 452px\" \/><\/a><\/p>\n<p>Da sich nach dem 1. Weltkrieg dann weitere Kriegervereine aus der Umgebung eintwickelten, beschr\u00e4nkte sich der Verein nur noch auf den Raum Aufhausen \u2013 Rengersdorf \u2013 Prunn, und nannte sich von nun an Krieger- und Veteranenverein.<\/p>\n<p>Nach dem totalen Zusammenbruch 1945, dem 2. gro\u00dfen Weltkrieg, entwickelte dieser Verein neues Leben erst 1952. Es galt nun die vielen Gefallenen und Vermi\u00dften des Krieges 1939\/45 in Erinnerung zu halten. Es best\u00e4tigte sich dabei abermals, da\u00df die Krieger, welche heimkehren konnten, sich verpflichtet f\u00fchlten, der Drau\u00dfengebliebenen und Verschollenen stets ehrenvoll zu gedenken.<\/p>\n<p>&nbsp;<\/p>\n<p><i>Kriegsopfer gefallen 1914\/18<br \/>\n<\/i>Aufhausen:<br \/>\nFranz Hannecker, Ludwig Hirsch, Georg Hofmeiert, Anton K\u00f6lnberger, Josef Molz, Luwig Molz.<\/p>\n<p>Rengersdorf:<br \/>\nJosef Eisenreich, Georg Fischer, Anton Freistadl, Johann Huber, Ludwig Huber, Franz Jakob, Xaver Jakob, Anton Meier, Heinrich Romberger, Johann Sporrer, Anton Wenninger, Franz Wenninger.<\/p>\n<p><i>Kriegsopfer gefallen 1939\/45<br \/>\n<\/i>Aufhausen :<br \/>\nMichael Beer, Johann Biermeier, Dullinger Alfons, Dullinger Alios, Dullinger Max, Georg Flexeder, Josef Flexeder, Johann Fink, Erich Hainke, Alfons Hallschmid, Georg Heindl, Georg Hendlmeier, Max Huber, Alios Kern, Josef Kern, Walter Kroll, Anton Mauerer, Alios Obermeier, Athur Orlich, Martin Reischer, Josef Roth, Wilhelm Scharrer, Anton Wimmer.<\/p>\n<p>Rengersdorf:<br \/>\nLudwig Aigner, Josef Aster, Anton Eisenreich, Wilhelm Eisenreich, Georg Eberhard, Ernst Frank, Josef Hafender, Hermann Kahler, Georg Salzberger, Johann Sch\u00f6nhofer, Ludwig Steinbei\u00dfer, Anton Steinhuber, Johann Steinhuber, Josef Wieser.<\/p>\n<p><i>Kriegsopfer vermi\u00dft 1939\/45<br \/>\n<\/i>Aufhausen:<br \/>\nFranz Xaver Flexeder, Franz Graser, Johann Hofmeister, Alios Huber, Albert Kaiser, Alios Kaiser, Ludwig Kern, Klemens Koll, Franz Miksch, Franz Xaver Poppenwimmer, Josef Poppenwimmer, Kurt Rubner, Johann Scharrer, Josef Schachtner, Albert Schlacht, Ludwig Str\u00f6bl, Franz Uhlir, Franz Wawro, Karl Wimmer.<\/p>\n<p>Rengersdorf:<br \/>\nFranz Xaver Aigner, Ludwig Eisenreich, Johann Kandlbinder, Michael Koll, Alios Sch\u00f6nhofer, Ludwig Sch\u00f6nhofer.<\/p>\n<p>Da\u00df diese Tradition fortgesetzt wurde, gilt allen denen, die bereit waren, Verantwortung im Verein zu \u00fcbernehmen.<\/p>\n<p>Besonderen Dank gilt den 1. Vorst\u00e4nden:<br \/>\n1884 \u2013 1922 Xaver Aigner<br \/>\n1922 \u2013 1925 Michael Baumann<br \/>\n1925 \u2013 1928 Ludwig Pollinger<br \/>\n1928 \u2013 1955 Johann Schreckenast<br \/>\n1955 \u2013 1958 Adolf Kropf<br \/>\n1958 \u2013 1981 Josef Eisenreich<br \/>\n1981 \u2013 1988 Anton Jahrstorfer<br \/>\n1988 \u2013 1997 Karl Kugler<br \/>\n1997 \u2013 2012\u00a0 Anton Ritt<br \/>\nseit 2012 Werner Kurz<\/p>\n<p>Die jahrhundertlange Kameradschafts- und Brauchtumspflege wurde bereits viermal mit einer Fahnenweihe gefeiert:<br \/>\n1885 mit Fahnenmutter Maria Obermeier<br \/>\n1959 mit Fahnenmutter Paula Aigner<br \/>\n1984 mit Fahnenmutter Else Renner<br \/>\n2009 mit Ehren-Fahnenmutter Else Renner<\/p>\n","protected":false},"excerpt":{"rendered":"<p>Krieger- und Reservistenkameradschaft Aufhausen &nbsp; Es war im Februar 1884, als Sergeant Weigl vom Polizeiposten Haunersdorf alle ehemaligen Krieger und Soldaten in den Brauereigasthof Maier in Aufhausen (sp\u00e4ter Gasthof Buchner) zu einer Versammlung einlud. Die Teilnehmer der Kriege 1866 und 1870\/71schlossen sich zusammen und gr\u00fcndeten den Krieger- und Milit\u00e4rverein, um die im Feld ge\u00fcbte Kameradschaft &hellip; <a href=\"https:\/\/www.aufhausen-ndb.de\/?page_id=511\" class=\"more-link\"><span class=\"screen-reader-text\">KRK-Aufhausen<\/span> weiterlesen <span class=\"meta-nav\">&rarr;<\/span><\/a><\/p>\n","protected":false},"author":1,"featured_media":0,"parent":19,"menu_order":2,"comment_status":"open","ping_status":"open","template":"","meta":{"ngg_post_thumbnail":0,"jetpack_post_was_ever_published":false,"footnotes":""},"class_list":["post-511","page","type-page","status-publish","hentry"],"jetpack_sharing_enabled":true,"jetpack_shortlink":"https:\/\/wp.me\/P9XgBb-8f","_links":{"self":[{"href":"https:\/\/www.aufhausen-ndb.de\/index.php?rest_route=\/wp\/v2\/pages\/511"}],"collection":[{"href":"https:\/\/www.aufhausen-ndb.de\/index.php?rest_route=\/wp\/v2\/pages"}],"about":[{"href":"https:\/\/www.aufhausen-ndb.de\/index.php?rest_route=\/wp\/v2\/types\/page"}],"author":[{"embeddable":true,"href":"https:\/\/www.aufhausen-ndb.de\/index.php?rest_route=\/wp\/v2\/users\/1"}],"replies":[{"embeddable":true,"href":"https:\/\/www.aufhausen-ndb.de\/index.php?rest_route=%2Fwp%2Fv2%2Fcomments&post=511"}],"version-history":[{"count":2,"href":"https:\/\/www.aufhausen-ndb.de\/index.php?rest_route=\/wp\/v2\/pages\/511\/revisions"}],"predecessor-version":[{"id":515,"href":"https:\/\/www.aufhausen-ndb.de\/index.php?rest_route=\/wp\/v2\/pages\/511\/revisions\/515"}],"up":[{"embeddable":true,"href":"https:\/\/www.aufhausen-ndb.de\/index.php?rest_route=\/wp\/v2\/pages\/19"}],"wp:attachment":[{"href":"https:\/\/www.aufhausen-ndb.de\/index.php?rest_route=%2Fwp%2Fv2%2Fmedia&parent=511"}],"curies":[{"name":"wp","href":"https:\/\/api.w.org\/{rel}","templated":true}]}}