{"id":66,"date":"2013-11-26T18:51:49","date_gmt":"2013-11-26T16:51:49","guid":{"rendered":"http:\/\/test.aufhausen-ndb.de\/?page_id=66"},"modified":"2014-04-20T22:54:39","modified_gmt":"2014-04-20T20:54:39","slug":"40-jubilaeum-pfarrverband-aufhausen","status":"publish","type":"page","link":"https:\/\/www.aufhausen-ndb.de\/?page_id=66","title":{"rendered":"40. Jubil\u00e4um Pfarrverband Aufhausen"},"content":{"rendered":"<p align=\"LEFT\"><b>Am Kirchweihsonntag 2009 feierte der Pfarrverband Aufhausen sein 40-j\u00e4hriges Bestehen. Hierzu fand in der St. Michaelskirche ein Festgottesdienst statt, anschlie\u00dfend traf man sich im Pfarrzentrum zu einem Stehempfang.<\/b><\/p>\n<p align=\"LEFT\">Beim Eingangslied zogen alle Ministranten des Pfarrverbandes mit den Geistlichen in die Pfarrkirche ein. Hier hie\u00df Pfarrer Josef Jacek alle zum 40-j\u00e4hrigen Jubil\u00e4um des Pfarrverbandes willkommen. Erfreut zeigte sich der Geistliche, dass auch die ehemaligen Aufhausener Priester, Lorenz Rauschecker, Konrad K\u00f6ppl, Konrad Bittmann, Josef G\u00f6ppinger, Aushilfspriester Studiendirektor Dr. Franz Bauer, die damaligen Kapl\u00e4ne Ludwig Edmaier, Josef Duschl, Josef Huber Josef Ederer, Pfarrassistent. Heinz Madecker, Diakon Uli Bauer Gemeindereferentin Barbara Winkler sowie Christian Kriegbaum, Dekan und Stadtpfarrer von Landau, 1. B\u00fcrgermeister Josef Brunner (Landau) sowie 1. B\u00fcrgermeister Max Schadenfroh und 2. B\u00fcrgermeisterin Dr. Petra Loibl (Eichendorf) gekommen waren. \u201eLeider musste man Mitbruder Alois Leutgeb, der ebenfalls im Pfarrverband t\u00e4tig war, 1994 zu Grabe geleiten, bedauerte Jacek. Zum Gedenken hatte man ein Foto am Altar aufgestellt und eine Kerze entz\u00fcndet.<br \/>\nGemeinsam feierte man den Festgottesdienst, den der Aufhausener Kirchenchor, verst\u00e4rkt mit Ch\u00f6ren aus dem Pfarrverband, unter der Leitung von Rosemarie B\u00fcchner, sowie den St. Georgsbl\u00e4sern aus Arnstorf, musikalisch umrahmten.<br \/>\nIn seiner Predigt ging Hauptzelebrant Pfarrer Lorenz Rauschecker kurz auf die Entstehung bzw. den Anfang des Pfarrverbandes 1969 n\u00e4her ein. Er dankte allen Frauen und M\u00e4nnern, die mitgewirkt hatten und nun mitwirken, denn ohne sie w\u00fcrde es dass alles nicht geben, \u201edenn nur gemeinsam kann man so etwas bew\u00e4ltigen, und aufbauen&#8220;. Die F\u00fcrbitten trugen Mitglieder der vier Pfarreien des Pfarrverbandes vor. Bevor Pfarrer Rauschecker den Schlusssegen spendete, hatte Pfarrer Josef Jacek noch eine ehrenvolle Aufgabe zu erf\u00fcllen. Im Namen von Bischof Wilhelm Schraml verabschiedete er den Aufhausener Mesner Johann Kern. Auch dankte er allen, die zum Festgottesdienst beigetragen hatten und lud anschlie\u00dfend alle ins Pfarrzentrum zum Stehempfang ein.<br \/>\nDort begr\u00fc\u00dfte die Pfarrverbands Vorsitzende Maria Eisenreich aus Mettenhausen die G\u00e4ste zur Jubil\u00e4umsfeier. Sie berichtete kurz von den Anf\u00e4ngen des Pfarrverbandes und meinte: \u201eMan muss feststellen, dass im Pfarrverband Aufhauen auch nach 40 Jahren alles bestens l\u00e4uft und funktioniert&#8220;. Gru\u00dfworte und Gl\u00fcckw\u00fcnsche sprach Dekan Christian Kriegbaum im Namen des Dekanates Landau aus. Ebenso erinnerte B\u00fcrgermeister Josef Brunner an die zur\u00fcckliegenden 40 Jahre und brachte einige Begebenheiten zum Besten. B\u00fcrgermeister Max Schadenfroh gratulierte ebenfalls und meinte, wenn man vorausblicke, seien 40 Jahre eine lange Zeit; zur\u00fcckblickend war es dann doch eine kurze Zeit. Pfarrer Lorenz Rauschecker hatte, damals schon in die Zukunft geschaut und vorausblickend gehandelt, so das Gemeindeoberhaupt. \u201eZusammen ist man stark, so sein Motto, und so ist auch der Pfarrverband Aufhausen&#8220;.<br \/>\nPfarrer Josef Jacek erinnerte ebenfalls an die Entstehung des Pfarrverbandes 1969, der damals ein Pilotprojekt in der Di\u00f6zese Passau war. Zuerst mit vier Pfarreien (Aufhausen, Exing, Mettenhausen und Reichersdorf), dann mit sechs Pfarreien (Haunersdorf und Niederhausen kamen dazu) und nun wieder mit vier Pfarreien, da Haunersdorf und Niederhausen jetzt wieder bei Simbach sind. \u201eZuerst mit Pfarrer und Kaplan, dann ohne Pfarrer nur mit Kaplan als Pfarradministrator, dann wieder mit Pfarrer, aber ohne Kaplan usw., es war und ist immer viel Arbeit&#8220;, sagte Jacek. So galt auch sein Dank allen, die ihn und seine Mitbr\u00fcder immer unterst\u00fctzten.<br \/>\nAuch die Pfarrverbandsvorsitzende Maria Eisenreich dankte allen Mitarbeitern, die sich zum Dienst in der Kirche bzw. in der Pfarrei und im Pfarrverband zur, Verf\u00fcgung gestellt haben. Eine kleine Gratulationscour sprach sie an Pfarrer Josef Jacek aus, der 2009 sein 20-j\u00e4hriges Priesterjubil\u00e4um feierte sowie nun zehn J\u00e4hre und f\u00fcnf Wochen im Pfarrverband Auf hausen t\u00e4tig ist was die Anwesenden mit Applaus bedachten.<br \/>\nAn Pfarrer Rauschecker \u00fcberreichte Eisenreich einen kleinen Geschenkkorb mit Produkten aus dem Vilstal. Alle Anwesenden lud sie zum Stehempfang ein. Dabei hatte man Gelegenheit sich mit den Geistlichen zu unterhalten und die 40 Jahre Revue passieren zu lassen.<\/p>\n<p align=\"LEFT\">ngg_shortcode_0_placeholder<\/p>\n","protected":false},"excerpt":{"rendered":"<p>Am Kirchweihsonntag 2009 feierte der Pfarrverband Aufhausen sein 40-j\u00e4hriges Bestehen. Hierzu fand in der St. Michaelskirche ein Festgottesdienst statt, anschlie\u00dfend traf man sich im Pfarrzentrum zu einem Stehempfang. Beim Eingangslied zogen alle Ministranten des Pfarrverbandes mit den Geistlichen in die Pfarrkirche ein. Hier hie\u00df Pfarrer Josef Jacek alle zum 40-j\u00e4hrigen Jubil\u00e4um des Pfarrverbandes willkommen. Erfreut &hellip; <a href=\"https:\/\/www.aufhausen-ndb.de\/?page_id=66\" class=\"more-link\"><span class=\"screen-reader-text\">40. Jubil\u00e4um Pfarrverband Aufhausen<\/span> weiterlesen <span class=\"meta-nav\">&rarr;<\/span><\/a><\/p>\n","protected":false},"author":1,"featured_media":0,"parent":12,"menu_order":2,"comment_status":"open","ping_status":"open","template":"","meta":{"ngg_post_thumbnail":0,"jetpack_post_was_ever_published":false,"footnotes":""},"class_list":["post-66","page","type-page","status-publish","hentry"],"jetpack_sharing_enabled":true,"jetpack_shortlink":"https:\/\/wp.me\/P9XgBb-14","_links":{"self":[{"href":"https:\/\/www.aufhausen-ndb.de\/index.php?rest_route=\/wp\/v2\/pages\/66"}],"collection":[{"href":"https:\/\/www.aufhausen-ndb.de\/index.php?rest_route=\/wp\/v2\/pages"}],"about":[{"href":"https:\/\/www.aufhausen-ndb.de\/index.php?rest_route=\/wp\/v2\/types\/page"}],"author":[{"embeddable":true,"href":"https:\/\/www.aufhausen-ndb.de\/index.php?rest_route=\/wp\/v2\/users\/1"}],"replies":[{"embeddable":true,"href":"https:\/\/www.aufhausen-ndb.de\/index.php?rest_route=%2Fwp%2Fv2%2Fcomments&post=66"}],"version-history":[{"count":2,"href":"https:\/\/www.aufhausen-ndb.de\/index.php?rest_route=\/wp\/v2\/pages\/66\/revisions"}],"predecessor-version":[{"id":301,"href":"https:\/\/www.aufhausen-ndb.de\/index.php?rest_route=\/wp\/v2\/pages\/66\/revisions\/301"}],"up":[{"embeddable":true,"href":"https:\/\/www.aufhausen-ndb.de\/index.php?rest_route=\/wp\/v2\/pages\/12"}],"wp:attachment":[{"href":"https:\/\/www.aufhausen-ndb.de\/index.php?rest_route=%2Fwp%2Fv2%2Fmedia&parent=66"}],"curies":[{"name":"wp","href":"https:\/\/api.w.org\/{rel}","templated":true}]}}