{"id":70,"date":"2013-11-26T18:53:39","date_gmt":"2013-11-26T16:53:39","guid":{"rendered":"http:\/\/test.aufhausen-ndb.de\/?page_id=70"},"modified":"2014-04-20T22:48:54","modified_gmt":"2014-04-20T20:48:54","slug":"priesterjubilaeum-von-pfarrer-josef-goeppinger","status":"publish","type":"page","link":"https:\/\/www.aufhausen-ndb.de\/?page_id=70","title":{"rendered":"Priesterjubil\u00e4um von Pfarrer Josef G\u00f6ppinger"},"content":{"rendered":"<p align=\"CENTER\"><span style=\"font-size: small;\">Mit Pfarrer G\u00f6ppinger gefeiert<br \/>\n<\/span><span style=\"font-size: xx-small;\">Den ehemaligen Pfarrer des Pfarrverbandes Aufhausen geehrt<\/span><\/p>\n<p align=\"JUSTIFY\">Am Sonntag den 23.06.02 feierte der ehemalige Pfarrer des Pfarrverbandes Aufhausen, Pfarrer Josef G\u00f6ppinger, in der St. Michaelskirche mit anschlie\u00dfendem Stehempfang im Garten des Pfarrhofes sein 25-j\u00e4hriges Priesterjubil\u00e4um. Vorab fand ein Festgottesdienst statt, wo Gl\u00e4ubige des gesamten fr\u00fcheren Pfarrverbandes anwesend waren, den die Geistlichen Pfarrer Josef G\u00f6ppinger, Pfarrer Josef Jacek, Pfarrer Paul Mrotek, Pfarrer Ludwig Jungbauer und Diakon Uli Bauer gemeinsam zelebrierten. Mit dabei waren auch die Geistlichen Josef Ederer, Josef Duschl, Otto Egger, Bernhard Kraus und Dr. Franz Bauer. Der Aufhausener Jugendchor \u201eSamis\u201c unter der Leitung von Gertrud Gschaidmeier\u00a0 sowie mit Rosemarie B\u00fcchner an der Orgel umrahmten den Festgottesdienst, mit Unterst\u00fctzung der Rhythmusgruppe von Max Winkler, musikalisch.<\/p>\n<p align=\"JUSTIFY\">Nach dem Gottesdienst traf man sich zum Stehempfang im Pfarrhofgarten. Hier hatte man Gelegenheit, mit Pfarrer G\u00f6ppinger \u00fcber seinen Brasilien-Aufenthalt zu sprechen. Auch 1. B\u00fcrgermeister Max Schadenfroh gratulierte Pfarrer G\u00f6ppinger zum 25-j\u00e4hrigen Priesterjubil\u00e4um sehr herzlich und \u00fcberreichte ihm f\u00fcr seine \u201eBrasilien-Kinderhilfe\u201c eine Spende. Weitere Spenden wurden Pfarrer G\u00f6ppinger vom Frauenbund Aufhausen, Frauenbund Haunersdorf, von der Pfarrverbandscaritas Aufhausen, vom Seniorenclub und von vielen Privatpersonen \u00fcberreicht. Des weiteren \u00fcberreichte Kirchenpfleger Franz B\u00fcchner die Kollekte der Gottesdienstsammlung an Pfarrer G\u00f6ppinger. Josef G\u00f6ppinger war \u00fcberw\u00e4ltigt von der gro\u00dfen Resonanz und der Spendenfreudigkeit seiner ehemaligen Pfarrverbandsgemeinde und dankte allen mit einem herzlichen Vergelt\u00b4s Gott.<\/p>\n<p align=\"JUSTIFY\">ngg_shortcode_0_placeholder<\/p>\n","protected":false},"excerpt":{"rendered":"<p>Mit Pfarrer G\u00f6ppinger gefeiert Den ehemaligen Pfarrer des Pfarrverbandes Aufhausen geehrt Am Sonntag den 23.06.02 feierte der ehemalige Pfarrer des Pfarrverbandes Aufhausen, Pfarrer Josef G\u00f6ppinger, in der St. Michaelskirche mit anschlie\u00dfendem Stehempfang im Garten des Pfarrhofes sein 25-j\u00e4hriges Priesterjubil\u00e4um. Vorab fand ein Festgottesdienst statt, wo Gl\u00e4ubige des gesamten fr\u00fcheren Pfarrverbandes anwesend waren, den die Geistlichen &hellip; <a href=\"https:\/\/www.aufhausen-ndb.de\/?page_id=70\" class=\"more-link\"><span class=\"screen-reader-text\">Priesterjubil\u00e4um von Pfarrer Josef G\u00f6ppinger<\/span> weiterlesen <span class=\"meta-nav\">&rarr;<\/span><\/a><\/p>\n","protected":false},"author":1,"featured_media":0,"parent":12,"menu_order":0,"comment_status":"open","ping_status":"open","template":"","meta":{"ngg_post_thumbnail":0,"jetpack_post_was_ever_published":false,"footnotes":""},"class_list":["post-70","page","type-page","status-publish","hentry"],"jetpack_sharing_enabled":true,"jetpack_shortlink":"https:\/\/wp.me\/P9XgBb-18","_links":{"self":[{"href":"https:\/\/www.aufhausen-ndb.de\/index.php?rest_route=\/wp\/v2\/pages\/70"}],"collection":[{"href":"https:\/\/www.aufhausen-ndb.de\/index.php?rest_route=\/wp\/v2\/pages"}],"about":[{"href":"https:\/\/www.aufhausen-ndb.de\/index.php?rest_route=\/wp\/v2\/types\/page"}],"author":[{"embeddable":true,"href":"https:\/\/www.aufhausen-ndb.de\/index.php?rest_route=\/wp\/v2\/users\/1"}],"replies":[{"embeddable":true,"href":"https:\/\/www.aufhausen-ndb.de\/index.php?rest_route=%2Fwp%2Fv2%2Fcomments&post=70"}],"version-history":[{"count":2,"href":"https:\/\/www.aufhausen-ndb.de\/index.php?rest_route=\/wp\/v2\/pages\/70\/revisions"}],"predecessor-version":[{"id":299,"href":"https:\/\/www.aufhausen-ndb.de\/index.php?rest_route=\/wp\/v2\/pages\/70\/revisions\/299"}],"up":[{"embeddable":true,"href":"https:\/\/www.aufhausen-ndb.de\/index.php?rest_route=\/wp\/v2\/pages\/12"}],"wp:attachment":[{"href":"https:\/\/www.aufhausen-ndb.de\/index.php?rest_route=%2Fwp%2Fv2%2Fmedia&parent=70"}],"curies":[{"name":"wp","href":"https:\/\/api.w.org\/{rel}","templated":true}]}}