{"id":9,"date":"2013-07-09T10:57:17","date_gmt":"2013-07-09T08:57:17","guid":{"rendered":"http:\/\/test.aufhausen-ndb.de\/?page_id=9"},"modified":"2013-11-27T12:03:30","modified_gmt":"2013-11-27T10:03:30","slug":"geschichte","status":"publish","type":"page","link":"https:\/\/www.aufhausen-ndb.de\/?page_id=9","title":{"rendered":"Geschichte"},"content":{"rendered":"<table width=\"709\" border=\"0\" cellspacing=\"0\" cellpadding=\"0\" align=\"LEFT\">\n<tbody>\n<tr>\n<td>\n<h2>Arch\u00e4ologie in Aufhausen<\/h2>\n<p>Das Vilstal ist seit \u00fcber 7500 Jahren st\u00e4ndig besiedelt. Einen zentralen Ort innerhalb der Besiedlungsgeschichte nimmt dabei Aufhausen ein. Im Osten der Ortschaft entsteht derzeit ein fast 20 ha gro\u00dfes Gewerbegebiet. In dieser Fl\u00e4che kannten die Arch\u00e4ologen bereits seit fast 30 Jahren vorgeschichtliche Siedlungsspuren.<\/p>\n<p>Manfred Sch\u00f6tz, Lehrer aus Lichtenhaag, begeht seit 1970 fundtr\u00e4chtige \u00c4cker im gesamten Vilstal und hat auch in dieser Fl\u00e4che in Aufhausen viele Scherben, Ger\u00e4te aus Silex und Felsgestein gefunden, die uns zeigten, da\u00df hier seit der \u00e4ltesten Jungsteinzeit Menschen lebten. Seit 1979 gibt es in Bayern eine eigene Luftbildarch\u00e4ologie. Otto Braasch und Klaus Leidorf liefern seither jedes Jahr neue Bilder &#8211; auch von Aufhausen. So wu\u00dften die Arch\u00e4ologen bereits seit langem, da\u00df hier im Osten von Aufhausen, auf einer L\u00f6\u00dfterasse zwischen der Vils und einem Bach, ein Siedlungsareal liegt, das erstmals vor etwa 7500 Jahren erschlossen worden war und seither immer wieder aufgesucht wurde.<\/p>\n<p>Als das Gebiet als Gewerbefl\u00e4che ausgewiesen wurde, stand fest, da\u00df man hier vor einer \u00dcberbauung umfangreiche Ausgrabungen durchf\u00fchren mu\u00dfte. In ausgezeichneter Zusammenarbeit zwischen dem Markt Eichendorf und der Kreisarch\u00e4ologie wurden kosteng\u00fcnstige Wege gesucht und gefunden, um zum einen die geforderte Qualit\u00e4t der wissenschaftlichen Untersuchung zu gew\u00e4hrleisten und zum anderen die Kosten in einem \u00fcberschaubaren Rahmen zu halten.<\/p>\n<p>Bereits 1990 fanden auf dem Gel\u00e4nde des Gem\u00fcsebetriebes Beer die ersten Ausgrabungen von Januar bis M\u00e4rz statt. Neben Siedlungsspuren der Badener Kultur (ca. 3500 v. Chr.), einer Kultur, die vor allem in Nieder\u00f6sterreich verbreitet ist, fand man eine gro\u00dffl\u00e4chige Siedlung der Urnenfelderzeit (ca. 1200 v. Chr.) mit viel Keramik und Hinweisen auf Textilverarbeitung.<\/p>\n<p>1997 begannen dann die Grabungen in der \u00f6stlichen Anschlu\u00dffl\u00e4che, die bis heute zu fast 2\/3 untersucht ist. Die \u00e4lteste Siedlung entstand in diesem Bereich bereits vor \u00fcber 7500 Jahren. Sie fanden einen dichten Eichen-Buchen-Urwald vor, den sie erst mit ihren Stein\u00e4xten roden mu\u00dften. Die B\u00e4ume zeigten ihnen auch die ausgezeichnete Bodenqualit\u00e4t des Untergrundes an, denn als Siedlungsb\u00f6den wurde nur die beste Bodenqualit\u00e4t ausgesucht. Diese ersten Ackerbauern wanderten aus dem Balkan kommend bei uns ein. Sie brachten Rinder, Schweine, Schafe und Ziegen als Haustiere mit sich und bauten bereits Getreide, Emmer, Einkorn und Dinkel an. Ihre H\u00e4user errichteten sie aus Eichenst\u00e4mmen. Die L\u00e4nge der Bauten betrug etwa 25 m. Sie waren zwischen 5 und 6 m breit. Diese ersten Siedler lebten etwa 3-4 Generationen in Aufhausen (ca. 100 Jahre).Nach dieser Zeit waren wohl die B\u00f6den ersch\u00f6pft, die W\u00e4lder leer gejagt und die Gew\u00e4sser leer gefischt.<\/p>\n<p>Etwa 500 Jahre sp\u00e4ter &#8211; die Natur hatte die ersten Besiedlungsspuren wieder vollst\u00e4ndig ausgel\u00f6scht &#8211; kamen die n\u00e4chsten Siedler. Dieses Schema wiederholt sich in Aufhausen bis in die Zeit der Kelten (ca. 300 v. Chr.). Seit etwa 2300 Jahren blieb dann das Gel\u00e4nde Ackerfl\u00e4che. Den Arch\u00e4ologen gelangen in ihren Ausgrabungen in Aufhausen sensationelle Entdeckungen: so fanden sie 1997 ein 6000 Jahre altes Gef\u00e4\u00df in der Form eines Menschen, die sog. Venus von Aufhausen. Dieses Kult-Gef\u00e4\u00df ist bisher in Europa ein einzigartiger Fund. Aus der Glockenbecherkultur (ca. 2400 v. Chr.)fanden die Arch\u00e4ologen einen Friedhof, bestehend aus acht Gr\u00e4bern. In einen Brandgrab eines etwa 5j\u00e4hrigen Buben fand man neben einem Gef\u00e4\u00df, Knochenanh\u00e4ngern, Pfeilspitzen aus Feuerstein, einer Armschutzplatte aus versteinertem Holz und einem Kupferdolch auch zwei hauchd\u00fcnne Blechb\u00e4nder aus Gold. Diese Goldblechb\u00e4nder sind sehr selten; bisher kennen wir insgesamt neun in ganz Europa. Neben einem Blechband, das man 1992 in Landau fand (die Aufhausener und die Landauer Familien waren offenbar verwandt miteinander) stammen alleine drei davon aus unserer Region und machen sie zu einem Zentrum dieser Kultur, die von Irland bis Marokko und von Portugal bis Ungarn reicht. Diese au\u00dfergew\u00f6hnlichen Funde haben Aufhausen innerhalb der arch\u00e4ologischen Fachwelt Europas bekannt gemacht.\u00a0Es ist abzusehen, da\u00df dies nicht alles ist, was dort noch an Wichtigem entdeckt werden wird. In einer Ausstellung und in einem Buch sollen, in absehbarer Zeit die Funde aus dem gesamten Gemeindegebiet Eichendorf vorgestellt werden.<\/p>\n<p align=\"RIGHT\"><i>(Dr. Ludwig Kreiner, Kreisarch\u00e4ologe)<\/i><\/p>\n<p align=\"RIGHT\"><a href=\"http:\/\/alt.aufhausen-ndb.de\/do_hamma_her\/do_hamma_her.html\"> hamma her<\/a>.<\/p>\n<table id=\"Tabelle2\" width=\"100%\" border=\"1\" cellspacing=\"3\" cellpadding=\"1\">\n<tbody>\n<tr>\n<td width=\"277\">\n<table width=\"100%\" border=\"0\" cellspacing=\"0\" cellpadding=\"0\">\n<tbody>\n<tr>\n<td align=\"CENTER\"><a href=\"http:\/\/alt.aufhausen-ndb.de\/do_hamma_her\/Goldschatz.jpeg\" target=\"Haupttext\"><img loading=\"lazy\" decoding=\"async\" id=\"Bild125\" title=\"Goldschatz\" alt=\"Goldschatz\" src=\"http:\/\/alt.aufhausen-ndb.de\/do_hamma_her\/Goldschatzklein.jpeg\" width=\"250\" height=\"165\" border=\"0\" \/><\/a><\/td>\n<\/tr>\n<\/tbody>\n<\/table>\n<table width=\"100%\" border=\"0\" cellspacing=\"0\" cellpadding=\"0\">\n<tbody>\n<tr>\n<td align=\"CENTER\">\n<table width=\"245\" border=\"0\" cellspacing=\"0\" cellpadding=\"0\">\n<tbody>\n<tr>\n<td>\n<p align=\"CENTER\"><a href=\"http:\/\/alt.aufhausen-ndb.de\/do_hamma_her\/Goldschatz.jpeg\" target=\"Haupttext\">Goldband aus dem Brandgrab<\/a><\/p>\n<\/td>\n<\/tr>\n<\/tbody>\n<\/table>\n<\/td>\n<\/tr>\n<\/tbody>\n<\/table>\n<\/td>\n<td width=\"196\"><\/td>\n<td width=\"294\">\n<table width=\"100%\" border=\"0\" cellspacing=\"0\" cellpadding=\"0\">\n<tbody>\n<tr>\n<td align=\"CENTER\"><a href=\"http:\/\/alt.aufhausen-ndb.de\/do_hamma_her\/Goldgrab.jpeg\" target=\"Haupttext\"><img loading=\"lazy\" decoding=\"async\" id=\"Bild99\" alt=\"\" src=\"http:\/\/alt.aufhausen-ndb.de\/do_hamma_her\/Goldgrab_klein.jpeg\" width=\"250\" height=\"165\" border=\"0\" \/><\/a><\/td>\n<\/tr>\n<\/tbody>\n<\/table>\n<table width=\"100%\" border=\"0\" cellspacing=\"0\" cellpadding=\"0\">\n<tbody>\n<tr>\n<td align=\"CENTER\">\n<table width=\"246\" border=\"0\" cellspacing=\"0\" cellpadding=\"0\">\n<tbody>\n<tr>\n<td>\n<p align=\"CENTER\"><a href=\"http:\/\/alt.aufhausen-ndb.de\/do_hamma_her\/Goldgrab.jpeg\" target=\"Haupttext\">Robert Pleyer beim Freilegen des \u201cGoldgrabes\u201d zu Aufhausen<\/a><\/p>\n<\/td>\n<\/tr>\n<\/tbody>\n<\/table>\n<\/td>\n<\/tr>\n<\/tbody>\n<\/table>\n<\/td>\n<\/tr>\n<tr>\n<td>\n<table width=\"100%\" border=\"0\" cellspacing=\"0\" cellpadding=\"0\">\n<tbody>\n<tr>\n<td align=\"CENTER\"><a href=\"http:\/\/alt.aufhausen-ndb.de\/do_hamma_her\/Venus_im_Auffindungszustand.jpeg\" target=\"Haupttext\"><img loading=\"lazy\" decoding=\"async\" id=\"Bild124\" title=\"Venus im Auffindungszustandklein\" alt=\"Venus im Auffindungszustandklein\" src=\"http:\/\/alt.aufhausen-ndb.de\/do_hamma_her\/Venus_im_Auffindungszustandklein.jpg\" width=\"165\" height=\"250\" border=\"0\" \/><\/a><\/td>\n<\/tr>\n<\/tbody>\n<\/table>\n<table width=\"100%\" border=\"0\" cellspacing=\"0\" cellpadding=\"0\">\n<tbody>\n<tr>\n<td align=\"CENTER\">\n<table width=\"166\" border=\"0\" cellspacing=\"0\" cellpadding=\"0\">\n<tbody>\n<tr>\n<td>\n<p align=\"CENTER\"><a href=\"http:\/\/alt.aufhausen-ndb.de\/do_hamma_her\/Venus_im_Auffindungszustand.jpeg\" target=\"Haupttext\">Venus im Auffindungszustand<\/a><\/p>\n<\/td>\n<\/tr>\n<\/tbody>\n<\/table>\n<\/td>\n<\/tr>\n<\/tbody>\n<\/table>\n<\/td>\n<td>\n<table width=\"100%\" border=\"0\" cellspacing=\"0\" cellpadding=\"0\">\n<tbody>\n<tr>\n<td align=\"CENTER\"><a href=\"http:\/\/alt.aufhausen-ndb.de\/do_hamma_her\/Venus_von_Aufhausen.jpeg\" target=\"Haupttext\"><img loading=\"lazy\" decoding=\"async\" id=\"Bild100\" alt=\"\" src=\"http:\/\/alt.aufhausen-ndb.de\/do_hamma_her\/VENUS_VON_AUFHAUSEN_KLEIN.JPEG\" width=\"164\" height=\"249\" border=\"0\" \/><\/a><\/td>\n<\/tr>\n<\/tbody>\n<\/table>\n<table width=\"100%\" border=\"0\" cellspacing=\"0\" cellpadding=\"0\">\n<tbody>\n<tr>\n<td align=\"CENTER\">\n<table width=\"162\" border=\"0\" cellspacing=\"0\" cellpadding=\"0\">\n<tbody>\n<tr>\n<td>\n<p align=\"CENTER\"><a href=\"http:\/\/alt.aufhausen-ndb.de\/do_hamma_her\/Venus_von_Aufhausen.jpeg\" target=\"Haupttext\">Venus von Aufhausen<\/a><\/p>\n<\/td>\n<\/tr>\n<\/tbody>\n<\/table>\n<\/td>\n<\/tr>\n<\/tbody>\n<\/table>\n<\/td>\n<td>\n<table width=\"100%\" border=\"0\" cellspacing=\"0\" cellpadding=\"0\">\n<tbody>\n<tr>\n<td align=\"CENTER\"><a href=\"http:\/\/alt.aufhausen-ndb.de\/do_hamma_her\/Grabbeigabe.jpeg\" target=\"Haupttext\"><img loading=\"lazy\" decoding=\"async\" id=\"Bild126\" alt=\"\" src=\"http:\/\/alt.aufhausen-ndb.de\/do_hamma_her\/Grabbeigabeklein.jpeg\" width=\"250\" height=\"165\" border=\"0\" \/><\/a><\/td>\n<\/tr>\n<\/tbody>\n<\/table>\n<table width=\"100%\" border=\"0\" cellspacing=\"0\" cellpadding=\"0\">\n<tbody>\n<tr>\n<td align=\"CENTER\">\n<table width=\"250\" border=\"0\" cellspacing=\"0\" cellpadding=\"0\">\n<tbody>\n<tr>\n<td>\n<p align=\"CENTER\"><a href=\"http:\/\/alt.aufhausen-ndb.de\/do_hamma_her\/Grabbeigabe.jpeg\" target=\"Haupttext\">Grabbeigabe<\/a><\/p>\n<\/td>\n<\/tr>\n<\/tbody>\n<\/table>\n<\/td>\n<\/tr>\n<\/tbody>\n<\/table>\n<\/td>\n<\/tr>\n<\/tbody>\n<\/table>\n<\/td>\n<\/tr>\n<\/tbody>\n<\/table>\n","protected":false},"excerpt":{"rendered":"<p>Arch\u00e4ologie in Aufhausen Das Vilstal ist seit \u00fcber 7500 Jahren st\u00e4ndig besiedelt. Einen zentralen Ort innerhalb der Besiedlungsgeschichte nimmt dabei Aufhausen ein. Im Osten der Ortschaft entsteht derzeit ein fast 20 ha gro\u00dfes Gewerbegebiet. In dieser Fl\u00e4che kannten die Arch\u00e4ologen bereits seit fast 30 Jahren vorgeschichtliche Siedlungsspuren. Manfred Sch\u00f6tz, Lehrer aus Lichtenhaag, begeht seit 1970 &hellip; <a href=\"https:\/\/www.aufhausen-ndb.de\/?page_id=9\" class=\"more-link\"><span class=\"screen-reader-text\">Geschichte<\/span> weiterlesen <span class=\"meta-nav\">&rarr;<\/span><\/a><\/p>\n","protected":false},"author":1,"featured_media":0,"parent":0,"menu_order":5,"comment_status":"open","ping_status":"open","template":"","meta":{"ngg_post_thumbnail":0,"jetpack_post_was_ever_published":false,"footnotes":""},"class_list":["post-9","page","type-page","status-publish","hentry"],"jetpack_sharing_enabled":true,"jetpack_shortlink":"https:\/\/wp.me\/P9XgBb-9","_links":{"self":[{"href":"https:\/\/www.aufhausen-ndb.de\/index.php?rest_route=\/wp\/v2\/pages\/9"}],"collection":[{"href":"https:\/\/www.aufhausen-ndb.de\/index.php?rest_route=\/wp\/v2\/pages"}],"about":[{"href":"https:\/\/www.aufhausen-ndb.de\/index.php?rest_route=\/wp\/v2\/types\/page"}],"author":[{"embeddable":true,"href":"https:\/\/www.aufhausen-ndb.de\/index.php?rest_route=\/wp\/v2\/users\/1"}],"replies":[{"embeddable":true,"href":"https:\/\/www.aufhausen-ndb.de\/index.php?rest_route=%2Fwp%2Fv2%2Fcomments&post=9"}],"version-history":[{"count":5,"href":"https:\/\/www.aufhausen-ndb.de\/index.php?rest_route=\/wp\/v2\/pages\/9\/revisions"}],"predecessor-version":[{"id":157,"href":"https:\/\/www.aufhausen-ndb.de\/index.php?rest_route=\/wp\/v2\/pages\/9\/revisions\/157"}],"wp:attachment":[{"href":"https:\/\/www.aufhausen-ndb.de\/index.php?rest_route=%2Fwp%2Fv2%2Fmedia&parent=9"}],"curies":[{"name":"wp","href":"https:\/\/api.w.org\/{rel}","templated":true}]}}