{"id":92,"date":"2013-11-26T20:56:19","date_gmt":"2013-11-26T18:56:19","guid":{"rendered":"http:\/\/test.aufhausen-ndb.de\/?page_id=92"},"modified":"2013-11-26T20:56:19","modified_gmt":"2013-11-26T18:56:19","slug":"gartenbauverein","status":"publish","type":"page","link":"https:\/\/www.aufhausen-ndb.de\/?page_id=92","title":{"rendered":"Gartenbauverein"},"content":{"rendered":"<div id=\"Text486LYR\">\n<p><span style=\"font-size: small;\"><span style=\"text-decoration: underline;\">Verein f\u00fcr Gartenbau und Landespflege Aufhausen<\/span><\/span><\/p>\n<\/div>\n<div id=\"Text487LYR\">\n<p>Der Obst und Bienenzuchtverein Aufhausen, wie er sich bis zur Trennung im Jahre 1951 nannte, wurde 1921, nachdem man<br \/>\neinen gr\u00f6\u00dferen Obstgarten im Pfarrhof angelegt hatte, von dem damaligen Pfarrherrn, Geistl. Rat Schmidbauer, dem Postschaffner a.D. Josef Edmaier &#8211; Xaver Brunnhuber, Bauer &#8211; Georg Schr\u00f6mer, Landwirt &#8211; Kaiser Alois, Schreinermeister u. Landwirt &#8211; Ludwig Pollinger, Schreinermeister und mehreren Aufhausener B\u00fcrger im Gasthof Buchner ins Leben gerufen. Das Vereinsgebiet erstreckte sich auf die Ortschaften Aufhausen, Rengersdorf, Prunn und Reichersdorf. Es galt den Obstbau zu f\u00f6rdern, Obstsorten zu planzen, die den klimatischen Verh\u00e4ltnissen des Vilstals angepa\u00dft waren, wie z.B. Rheinischer Bonapfel, Kaiser Wilhelm, Rambour, Gellerts Butterbirne, Alexander Lucas oder Gr\u00e4fin von Paris. Viele B\u00e4ume wurden von dem damaligen Hobbybaumschuler Wolfgang Asbeck in Haingersdorf bezogen. Wie aus m\u00fcndlicher \u00dcberlieferung zu erfahren war, handelte es sich um einen mehr oder weniger organisierten Verein. Pfarrer Schmidbauer stand dem Verein vor. Erst 1926 formierte sich eine Vorstandschaft mit Josef Edmaier, der den Vorsitz \u00fcbernommen hat. Weitere Vorstandsmitglieder werden namentlich nicht erw\u00e4hnt.<\/p>\n<p align=\"LEFT\">Am 1. Sept. 1929 wird zu einer Herbstversammlung unter der Leitung des Kreisvorstandes Pfarrer Frammelsberger und am 2. M\u00e4rz 1930 zur Fr\u00fchjahrsversammlung im Vereinslokal Buchner bei Anwesenheit des Kreisfachberaters Hiemerer-Deggendorf und Gartenbaumeister Reichmann-Landau eingeladen. Lobend wird von der tatkr\u00e4ftigen Leitung des Vereins durch Vorstand Edmaier und der \u201clebhaften Entfaltung des Vereins\u201d berichtet. So schreibt das Landauer Volksblatt am 4. 7. 1930 u. a. &#8230;&#8230;. aus dem Jahresbericht ist zu entnehmen, da\u00df Aufhausen die gr\u00f6\u00dfte Baumpflanzung im Bezirk Landau gemacht hat und mit 68 Mitgliedern der drittgr\u00f6\u00dfte Verein des Bezirksverbandes Landau ist. Zum ersten Male wird auch von einer Christbaumfeier des Vereins berichtet. Am 20. 9. 1933 wird vom \u201cLandauer Volksblatt\u201d von einer sehr interessanten Versammlung, bei der Bezirksgartenbaumeister Reichmann \u00fcber den Neuaufbau im Obst- und Gartenbau, Klarhauser von Haunersdorf \u00fcber Rapsanbau als ergiebige Bienenweide und Hw. Benefiziat Huber \u00fcber praktische und theoretische Bienenzucht referierten. Erstmals wird deutlich gemacht, da\u00df nationalsozialistisches Gedankengut auch in die Vereine eingeschleust wird.: Mit einem dreifachen Sieg Heil auf unseren Volkskanzler Adolf Hitler beschlo\u00df Vorstand Edmaier die sch\u00f6n und befruchtend verlaufene Versammlung, schreibt das Landauer Volksblatt. Nach und nach wurde die Vereinst\u00e4tigkeit nach den Vorschriften des Reichsn\u00e4hrstandes ausgerichtet, der den Obstbau zwar f\u00f6rderte, die gesellschaftlichen Aktivit\u00e4ten im Vereinsleben jedoch sehr einschr\u00e4nkte. W\u00e4hren dieser Zeit entstand, angeregt durch finanzielle Zuwendungen von seiten des Reichsn\u00e4hrstandes, die erste gro\u00dfe Streuobstanlage auf dem Wei\u00dfberg, auf Feldrainen und entlang der Bachl\u00e4ufe wurde so mancher Obst- oder Walnu\u00dfbaum gepflanzt.<\/p>\n<p align=\"LEFT\">Am 24.3.1950 berichtet das Landauer Volksblatt von einer gut besuchten Versammlung, bei der Kreisgartenbaumeister Magerl, Landau, einen Lichtbildvortrag \u00fcber Obstsorten, speziell f\u00fcr das Vilstal, D\u00fcngung, Sch\u00e4dlingsbek\u00e4mpfung und richtige Baumpflege hielt.<\/p>\n<p align=\"LEFT\">Am 4. 10. 1950 wird Herr Edmaier f\u00fcr seine Verdienste w\u00e4hrend der 25 j\u00e4hrigen T\u00e4tigkeit als Vorsitzender des Vereins geb\u00fchrend geehrt. Am 3. 2. 1951 stirbt Edmaier. Der Verein trennt sich vom Bienenzuchtverein. Neuer Vorsitzender des Gartenbauvereins wird Georg Schr\u00f6mer, Stellvertreter Georg Hochgra\u00dfl, Schriftf\u00fchrer Pfarrer Franz Pfleger, Kassier Xaver Brunnhuber. 1955 wird eine Motorspritze angeschafft.<\/p>\n<p align=\"LEFT\">Fast regelm\u00e4\u00dfig werden pro Jahr zwei Versammlungen, meist mit den Referenten Magerl und Dr. Ferdinand Graf abgehalten. Sammelbestellungen von Obstb\u00e4umen und Beerenstr\u00e4uchern werden immer st\u00e4rker angenommen und von der M\u00f6glichkeit, den Sch\u00e4dlingen zu Leibe zu gehen, wurde reichlich Gebrauch gemacht, soda\u00df insgesamt im Jahre 1959 10.000 Liter Spritzbr\u00fche verbraucht wurde, schreibt die Landauer Presse im Bericht \u00fcber die Fr\u00fchjahrsversammlung 1960. Der Mitgliederstand betr\u00e4gt 58, der Jahresbeitrag 2,- DM.<\/p>\n<p align=\"LEFT\">1962 erste Auszeichnung f\u00fcr die gro\u00dfen Erfolge in der Dorfversch\u00f6nerung. 1965 wird Aufhausen Sieger im Bezirksentscheid. Am 4. August 1968 stirbt\u00a0Xaver Brunnhuber. An seine Stelle tritt Xaver Kirschner. Die Vereinskasse weist einen Barbestand von 66,50 DM und ein Sparbuchguthaben von 949,- DM auf. Am 14. Febr. 1968 wird Dipl.-Landw. Heribert Kaiser f\u00fcr die gro\u00dfen Verdienste, die er sich als Mitglied des Vereins auf dem Gebiete der Gartenkultur, insbesondere bei der Planung und Durchf\u00fchrung der Dorfversch\u00f6nerungsma\u00dfnahmen erworben hat, mit der goldenen Ehrennadel des Landesverbandes ausgezeichnet. Mit ihm auch B\u00fcrgermeister Joh. Schreckenast, 2. Vorstand Xaver Kirschner und Ortsf\u00fchrer Johann Sch\u00f6nhofer aus Prunn.<\/p>\n<p align=\"LEFT\">Am 7. 3. 1974 wird Studienrat Heribert Kaiser\u00a0mit gro\u00dfer Mehrheit zum 1. Vorsitzenden, Johann Sch\u00f6nhofer, Prunn, zum 2. Vorsitzenden, Marianne Gl\u00fcck zur Schriftf\u00fchrerin und Xaver Kirschner zum Kassier des Vereins gew\u00e4hlt. Die Mitgliederzahl steigt auf 83 an, der Jahresbeitrag wird auf 4,- DM erh\u00f6ht. F\u00fcr Gemeinschaftsbestellungen werden 2437,- DM ausgegeben, wobei 25 % von der Baumschule Baumgartner in N\u00f6ham als Rabatt in die Vereinskasse flie\u00dfen. Der erste Baumschneidekurs in Aufhausen wird bei hoher Besucherzahl am 22. 2. 75 unter der Leitung von Kreisfachberater Magerl durchgef\u00fchrt. Auch in diesem Jahr werden wieder \u00fcber 3500,- DM f\u00fcr Pflanzmaterial ausgegeben, so auch in den weiteren Jahren. Die Eingr\u00fcnung des Pfarrzentrums bzw. Kindergartens \u00fcbernimmt der Gartenbauverein. Der Beitrag wird von 4,- DM auf 6,- DM erh\u00f6ht. In der Jahresversammlung am 28. 2. 1975 spricht Magerl vor allem den Erholungswert des Gartens an. Immer st\u00e4rker r\u00fcckt der Garten als Lebensraum ins Bewu\u00dftsein der Menschen. Nat\u00fcrliche Gartengestaltung, Fassadenbegr\u00fcnung, Umweltschutz, die Heimat lebenswerter zu gestalten werden die vorrangigen Themen bei allen Veranstaltungen.<\/p>\n<p align=\"LEFT\">Am 12. Januar 1977 stellt der Verein bei der unteren Naturschutzbeh\u00f6rde den Antrag, die Stieleiche am Nordrand des Dorfes unter Naturschutz zu stellen. Leider wurde dieser Antrag, wie sich sp\u00e4ter herausstellte, nicht bearbeitet. Gro\u00dfes Interesse wird auch der Erhaltung einer Graureiherkolonie auf dem dorfnahen Wirtsberg geschenkt. 1978 steigt die Mitgliederzahl auf 100 an. Wegen der hohen Besucherzahl werden die Versammlungen k\u00fcnftig von den Wirtsstuben in die S\u00e4le verlegt. Kreisfachberater Michael Weidner h\u00e4lt zum ersten Mal in Aufhausen im \u00fcberf\u00fcllten Wielandsaal einen interessanten Diavortrag \u00fcber Dorfversch\u00f6nerung. Frau Dullinger, Frau Renner und Frau Steinhuber werden f\u00fcr hervorragende Leistungen im Balkonschmuckwettbewerb ausgezeichnet.<\/p>\n<p align=\"LEFT\">1979 nimmt B\u00fcrgermeister Wagner erstmals an der Gartenbauversammlung in Aufhausen teil. Der Besuch des Staudensichtungsgartens Weihenstephan wird f\u00fcr alle Teilnehmer zu einem gro\u00dfen Erlebnis. Die Mitgliederzahl ist auf 106 angestiegen.<\/p>\n<p align=\"LEFT\">1980 wird Marianne Gl\u00fcck f\u00fcr 10-j\u00e4hrige T\u00e4tigkeit als Schriftf\u00fchrerin mit der silbernen Ehrennadel des Landesverbandes ausgezeichnet. In Zusammenarbeit mit der Marktgemeine Eichendorf und den \u00f6rtlichen Vereinen entsteht unter der F\u00fchrung des Gartenbauvereins der erste Kinderspielplatz in Aufhausen. Die vielen Arbeitseins\u00e4tze und die gro\u00dfen Gemeinschaftsleistungen werden beim Dorfversch\u00f6nerungswettbewerb 1980 mit einem ersten Preis der Gruppe B belohnt.<\/p>\n<figure id=\"attachment_99\" aria-describedby=\"caption-attachment-99\" style=\"width: 393px\" class=\"wp-caption alignnone\"><a href=\"http:\/\/test.aufhausen-ndb.de\/wp-content\/uploads\/2013\/11\/Dorfverschonerung.jpeg\"><img loading=\"lazy\" decoding=\"async\" class=\"size-medium wp-image-99\" alt=\"\u00dcberreichung der Urkunde vom Dorfversch\u00f6nerungswettbewerb 1980\" src=\"http:\/\/test.aufhausen-ndb.de\/wp-content\/uploads\/2013\/11\/Dorfverschonerung-463x600.jpeg\" width=\"393\" height=\"510\" srcset=\"https:\/\/www.aufhausen-ndb.de\/wp-content\/uploads\/2013\/11\/Dorfverschonerung-463x600.jpeg 463w, https:\/\/www.aufhausen-ndb.de\/wp-content\/uploads\/2013\/11\/Dorfverschonerung-193x250.jpeg 193w\" sizes=\"(max-width: 393px) 100vw, 393px\" \/><\/a><figcaption id=\"caption-attachment-99\" class=\"wp-caption-text\">\u00dcberreichung der Urkunde vom Dorfversch\u00f6nerungswettbewerb 1980<\/figcaption><\/figure>\n<figure id=\"attachment_97\" aria-describedby=\"caption-attachment-97\" style=\"width: 600px\" class=\"wp-caption alignnone\"><a href=\"http:\/\/test.aufhausen-ndb.de\/wp-content\/uploads\/2013\/11\/silberne_Ehrennadel.jpeg\"><img loading=\"lazy\" decoding=\"async\" class=\"size-medium wp-image-97\" alt=\"\u00dcberreichung der silb. Ehrennadel an Marianne Gl\u00fcck\" src=\"http:\/\/test.aufhausen-ndb.de\/wp-content\/uploads\/2013\/11\/silberne_Ehrennadel-600x435.jpeg\" width=\"600\" height=\"435\" srcset=\"https:\/\/www.aufhausen-ndb.de\/wp-content\/uploads\/2013\/11\/silberne_Ehrennadel-600x435.jpeg 600w, https:\/\/www.aufhausen-ndb.de\/wp-content\/uploads\/2013\/11\/silberne_Ehrennadel-250x181.jpeg 250w, https:\/\/www.aufhausen-ndb.de\/wp-content\/uploads\/2013\/11\/silberne_Ehrennadel.jpeg 987w\" sizes=\"(max-width: 600px) 100vw, 600px\" \/><\/a><figcaption id=\"caption-attachment-97\" class=\"wp-caption-text\">\u00dcberreichung der silb. Ehrennadel an Marianne Gl\u00fcck<\/figcaption><\/figure>\n<p>&nbsp;<\/p>\n<div id=\"Text399LYR\">\n<p align=\"LEFT\">1981 &#8211; der Verein ist 60 Jahre alt &#8211; Geb\u00fchrend wird dieses Ereignis in der Versammlung am 21. M\u00e4rz 81 gefeiert. 1. Vorsitzender, Studiendirektor Heribert Kaiser l\u00e4\u00dft die Vereinsgeschichte Revue passieren und spricht gro\u00dfes Lob und gro\u00dfen Dank denjenigen aus, die sich in all den Jahren uneigenn\u00fctzig f\u00fcr die Versch\u00f6nerung unseres Dorfes und unserer engeren Heimat\u00a0eingesetzt haben. B\u00fcrgermeister Wagner f\u00fcgt anerkennende Worte hinzu.<\/p>\n<p align=\"LEFT\">1982 wird vom Kreisverband der Baum f\u00fcr das Jahr 2000, eine Stieleiche und 1983 eine Linde gestiftet und auf dem Sportgel\u00e4nde eingepflanzt; dazu 1310 Str\u00e4ucher, 320 Rosen und \u00fcber 100 Obstgeh\u00f6lze im Dorfbereich Aufhausen. Das Kriegerdenkmal wird eingegr\u00fcnt. 62 Teilnehmer beteiligen sich an der Fahrt zur IGA in M\u00fcnchen.<\/p>\n<p align=\"LEFT\">Am 3. 7. 1983 stirbt der langj\u00e4hrige Kassier\u00a0Xaver Kirschner. Vorsitzender Heribert Kaiser w\u00fcrdigte die Verdienste des Verstorbenen, der mit unsagbarem Flei\u00df, Sorgfalt und Ehrlichkeit die Finanzen des Vereins geregelt hat. Herbert John wird in geheimer Wahl zum Kassier, Alois H\u00f6dl und Therese Eisenreich, Rengersdorf, zu Vorstandsmitgliedern gew\u00e4hlt.<\/p>\n<p align=\"LEFT\">1984 wird Aufhausen Kreissieger im Dorfversch\u00f6nerungswettbewerb und bekommt eine Bronzemedaille im Bezirksentscheid und wird gleichzeitig als baumfreundliches Dorf ausgezeichnet.<\/p>\n<p align=\"LEFT\">1986 &#8211; Zweiter langj\u00e4hriger Vorstand Johann Sch\u00f6nhofer tritt aus Altersgr\u00fcnden zur\u00fcck; Alois H\u00f6dl wird zum Nachfolger gew\u00e4hlt. \u00dcber 220 Besucher wohnten der Jahresversammlung im Gitschelsaal bei. F\u00fcr die aktive Mitarbeit bei den Pflanzaktionen von \u00fcber 1000 Str\u00e4uchern im Friedhofs- und Ortsbereich dankte der Vorsitzende recht herzlich. Am 19. 11. 1986 stirbt Herbert John. Sein Nachfolger wird Hans G\u00fcttler. Tatkr\u00e4ftig beteiligt sich der Verein bei der Eingr\u00fcnung der neuen Tennisanlage. Der Vereinsausflug vom 18.-20. September 1987 an Rhein und Mosel wird zum unverge\u00dflichen Erlebnis. Der Verein beschlie\u00dft als erster aller Vereine des Kreisverbandes einen Geburtstagsbaum f\u00fcr jedes neugebohrene Kind von Vereinsmitgliedern zu pflanzen.<\/p>\n<p align=\"LEFT\">1988 steigt die Mitgliederzahl auf 127 an. Der Vereinsausflug vom 16.-18. Sept. in den Schwarzwald \u00fcbertrifft alle Erwartungen.<\/p>\n<p align=\"LEFT\">1990 Gemeinn\u00fctzigkeit des Vereins wird beantragt und gew\u00e4hrt. Die Mitgliederzahl steigt auf 140 an. An der Vilsbr\u00fccke wird eine Pflanzaktion durchgef\u00fchrt und der Korbiniansapfelbaum, vom Kreisverband gestiftet, findet einen ehrw\u00fcrdigen Platz. Das Kirchlein in Rengersdorf wird eingegr\u00fcnt und bei der Aufstellung eines Kr\u00f6tenschutzzaunes wird jedes Jahr mitgeholfen. Der Mitgliederstand betr\u00e4gt 137. Die Aktion Geburtstagsbaum wird fortgesetzt und fest im allj\u00e4hrlichen Programm verankert.<\/p>\n<p align=\"LEFT\">1991 wird Marianne Gl\u00fcck f\u00fcr ihre Verdienste w\u00e4hrend der 20-j\u00e4hrigen T\u00e4tigkeit als Schriftf\u00fchrerin geehrt. 1. Vorsitzender Heribert Kaiser h\u00e4lt die Laudatio.<\/p>\n<p align=\"LEFT\">1992 Der Verein hat bereits 147 Mitglieder. Die vom Kreisverband gestiftete Linde wird im Beisein vieler Kinder und deren Eltern im neuangelegten Kinderspielplatz Ost eingepflanzt. Am 12. Sept. 92 wird die LAGA in Ingolstadt besucht.<\/p>\n<p align=\"LEFT\">1993 Die Vorstandschaft nimmt an der Landestagung in Schwandorf teil. Die Sammelbestellung von B\u00e4umen und Str\u00e4uchern ergeht ab Herbst an die Firma W\u00fcrdinger in Kugl. Die Aktion Fassadenbegr\u00fcnung und wieder mehr Wert auf einheimisches Obst zeigt positive Wirkung. Der Anfang, entlang der ehemaligen Bahnlinie eine <a href=\"http:\/\/aufhausen-ndb.de\/Vereinslebn\/Gartenbauverein\/Geburtstagsbaumallee.jpeg\" target=\"Haupttext\">\u201cGeburtstagsallee\u201d<\/a> zu pflanzen, ist gemacht. In vielen Arbeitsstunden haben Vorstand Kaiser und Kassier G\u00fcttler das <a href=\"http:\/\/aufhausen-ndb.de\/Vereinslebn\/Gartenbauverein\/Erlerkreuz\/erlerkreuz.html\">Erler-Feldkreuz<\/a> am Ostausgang Aufhausen renoviert. Die Teilnahme am Wettbewerb \u201cLebensraum Obstbaum\u201d wirkte sich positiv auf die Pflege und Erhaltung der Obstg\u00e4rten aus. Die Anschaffung eines D\u00f6rrofens wird bef\u00fcrwortet. Ebenso der Kauf eines Allesm\u00e4hers, Komposth\u00e4ckslers, Erdd\u00e4mpfers und Baumschneideger\u00e4te werden gut angenommen<\/p>\n<p align=\"LEFT\">1994 Die Planungen und Vorkehrungen zur Anlage einer gro\u00dfen <a href=\"http:\/\/aufhausen-ndb.de\/Vereinslebn\/Gartenbauverein\/Steuobstwiese.jpeg\" target=\"Haupttext\">Streuobstwiese<\/a> auf dem Pfarrpfr\u00fcndegrundst\u00fcck sind im vollem Gange. Am 18. 3. 1995 tritt 2. Vorsitzender Alois H\u00f6dl aus gesundheitlichen Gr\u00fcnden zur\u00fcck. Ludwig Reithmaier wird einstimmig zum 2. Vorsitzenden des Vereins gew\u00e4hlt. Fr\u00fchjahr 1995 werden die ersten 50 Obstb\u00e4ume und im Herbst eine 60 Meter lange Hecke und weitere 30 Obstb\u00e4ume gepflanzt. 80 verschiedene Obstb\u00e4ume, meist alte, sehr widerstandsf\u00e4hige Sorten auf frostharten Strammbildner veredelt, kommen zur Anpflanzung. 1569 Arbeitsstunden werden insgesamt auf freiwilliger Basis geleistet.<\/p>\n<figure id=\"attachment_96\" aria-describedby=\"caption-attachment-96\" style=\"width: 600px\" class=\"wp-caption alignnone\"><a href=\"http:\/\/test.aufhausen-ndb.de\/wp-content\/uploads\/2013\/11\/Steuobstwiese.jpeg\"><img loading=\"lazy\" decoding=\"async\" class=\"size-medium wp-image-96\" alt=\"Steuobstwiese\" src=\"http:\/\/test.aufhausen-ndb.de\/wp-content\/uploads\/2013\/11\/Steuobstwiese-600x398.jpeg\" width=\"600\" height=\"398\" srcset=\"https:\/\/www.aufhausen-ndb.de\/wp-content\/uploads\/2013\/11\/Steuobstwiese-600x398.jpeg 600w, https:\/\/www.aufhausen-ndb.de\/wp-content\/uploads\/2013\/11\/Steuobstwiese-250x166.jpeg 250w, https:\/\/www.aufhausen-ndb.de\/wp-content\/uploads\/2013\/11\/Steuobstwiese.jpeg 1023w\" sizes=\"(max-width: 600px) 100vw, 600px\" \/><\/a><figcaption id=\"caption-attachment-96\" class=\"wp-caption-text\">Steuobstwiese<\/figcaption><\/figure>\n<figure id=\"attachment_100\" aria-describedby=\"caption-attachment-100\" style=\"width: 242px\" class=\"wp-caption alignnone\"><a href=\"http:\/\/test.aufhausen-ndb.de\/wp-content\/uploads\/2013\/11\/Erlerkreuz.jpeg\"><img loading=\"lazy\" decoding=\"async\" class=\"size-medium wp-image-100\" alt=\"Erlerkreuz\" src=\"http:\/\/test.aufhausen-ndb.de\/wp-content\/uploads\/2013\/11\/Erlerkreuz-398x600.jpeg\" width=\"242\" height=\"365\" srcset=\"https:\/\/www.aufhausen-ndb.de\/wp-content\/uploads\/2013\/11\/Erlerkreuz-398x600.jpeg 398w, https:\/\/www.aufhausen-ndb.de\/wp-content\/uploads\/2013\/11\/Erlerkreuz-166x250.jpeg 166w, https:\/\/www.aufhausen-ndb.de\/wp-content\/uploads\/2013\/11\/Erlerkreuz.jpeg 680w\" sizes=\"(max-width: 242px) 100vw, 242px\" \/><\/a><figcaption id=\"caption-attachment-100\" class=\"wp-caption-text\">Erlerkreuz<\/figcaption><\/figure>\n<figure id=\"attachment_98\" aria-describedby=\"caption-attachment-98\" style=\"width: 499px\" class=\"wp-caption alignnone\"><a href=\"http:\/\/test.aufhausen-ndb.de\/wp-content\/uploads\/2013\/11\/Geburtstagsbaumallee.jpeg\"><img loading=\"lazy\" decoding=\"async\" class=\"size-medium wp-image-98\" alt=\"Geburtstagsbaumallee\" src=\"http:\/\/test.aufhausen-ndb.de\/wp-content\/uploads\/2013\/11\/Geburtstagsbaumallee-600x398.jpeg\" width=\"499\" height=\"331\" srcset=\"https:\/\/www.aufhausen-ndb.de\/wp-content\/uploads\/2013\/11\/Geburtstagsbaumallee-600x398.jpeg 600w, https:\/\/www.aufhausen-ndb.de\/wp-content\/uploads\/2013\/11\/Geburtstagsbaumallee-250x166.jpeg 250w, https:\/\/www.aufhausen-ndb.de\/wp-content\/uploads\/2013\/11\/Geburtstagsbaumallee.jpeg 1023w\" sizes=\"(max-width: 499px) 100vw, 499px\" \/><\/a><figcaption id=\"caption-attachment-98\" class=\"wp-caption-text\">Geburtstagsbaumallee<\/figcaption><\/figure>\n<p>&nbsp;<\/p>\n<p>&nbsp;<\/p>\n<p>1996 Der Verein feiert 75-j\u00e4hriges Bestehen. Bei der Jahreshauptversammlung des Kreisverbandes am 18. Januar wird Heribert Kaiser mit der \u201cGoldenen Rose\u201d, der h\u00f6chsten Auszeichnung, die der Landesverband zu vergeben hat, ausgezeichnet. Die Laudatio h\u00e4lt Kreisvorsitzender Alois Schr\u00f6gmeier. W\u00e4hrend des Jubil\u00e4umsjahres sorgt ein reichhaltiges Programm mit \u00fcber 10 Veranstaltungen f\u00fcr Publizit\u00e4t und gibt Aufschlu\u00df \u00fcber den hohen Stellenwert des Gartenbauvereins.<\/p>\n<p align=\"LEFT\">1997 Die gef\u00e4hrliche Bakterienkrankheit \u201cFeuerbrand\u201d tritt zum ersten Mal massiv im Vilstal auf, gleichzeitig wird die Bev\u00f6lkerung durch Informationsveranstaltungen auf Abwehrmassnahmen aufgekl\u00e4rt. 1998 Die EDV h\u00e4lt in der Vereinsverwaltung einzug. Dazu beteiligten sich Vorstandsmitglieder an \u00fcber\u00f6rtlichen Schulungen.<\/p>\n<p align=\"LEFT\">1999 Bei der Jahreshauptversammlung finden turnusm\u00e4\u00dfig Vorstandswahlen statt, wobei Ludwig Reithmaier als 1. Vorsitzender, Rudi Loibl als 2. Vorsitzender, Bruno R\u00f6hrl als Kassier, Hannelore Renner als Schriftf\u00fchrerin und Ludwig Gschaidmeier als Baumwart gew\u00e4hlt werden. Gleichzeitig ernennt die Versammlung Heribert Kaiser, der den Gartenbauverein 25 Jahre lang leitete, zum Ehrenvorsitzenden. Im selben Jahr beteiligt sich der Verein am Wettbewerb Dorf\u00f6kologie, dabei wird auf Kreisebene der dritte Preis errungen.Der Verein f\u00fcr Gartenbau und Landespflege Aufhausen wird f\u00fcr die geleistete Arbeit zum Erhalt eines vielf\u00e4ltigen und artenreichen Naturhaushalts geehrt.<\/p>\n<p align=\"JUSTIFY\">Ludwig Reithmaier<\/p>\n<p>&nbsp;<\/p>\n<\/div>\n<\/div>\n","protected":false},"excerpt":{"rendered":"<p>Verein f\u00fcr Gartenbau und Landespflege Aufhausen Der Obst und Bienenzuchtverein Aufhausen, wie er sich bis zur Trennung im Jahre 1951 nannte, wurde 1921, nachdem man einen gr\u00f6\u00dferen Obstgarten im Pfarrhof angelegt hatte, von dem damaligen Pfarrherrn, Geistl. Rat Schmidbauer, dem Postschaffner a.D. Josef Edmaier &#8211; Xaver Brunnhuber, Bauer &#8211; Georg Schr\u00f6mer, Landwirt &#8211; Kaiser Alois, &hellip; <a href=\"https:\/\/www.aufhausen-ndb.de\/?page_id=92\" class=\"more-link\"><span class=\"screen-reader-text\">Gartenbauverein<\/span> weiterlesen <span class=\"meta-nav\">&rarr;<\/span><\/a><\/p>\n","protected":false},"author":1,"featured_media":0,"parent":19,"menu_order":0,"comment_status":"open","ping_status":"open","template":"","meta":{"ngg_post_thumbnail":0,"jetpack_post_was_ever_published":false,"footnotes":""},"class_list":["post-92","page","type-page","status-publish","hentry"],"jetpack_sharing_enabled":true,"jetpack_shortlink":"https:\/\/wp.me\/P9XgBb-1u","_links":{"self":[{"href":"https:\/\/www.aufhausen-ndb.de\/index.php?rest_route=\/wp\/v2\/pages\/92"}],"collection":[{"href":"https:\/\/www.aufhausen-ndb.de\/index.php?rest_route=\/wp\/v2\/pages"}],"about":[{"href":"https:\/\/www.aufhausen-ndb.de\/index.php?rest_route=\/wp\/v2\/types\/page"}],"author":[{"embeddable":true,"href":"https:\/\/www.aufhausen-ndb.de\/index.php?rest_route=\/wp\/v2\/users\/1"}],"replies":[{"embeddable":true,"href":"https:\/\/www.aufhausen-ndb.de\/index.php?rest_route=%2Fwp%2Fv2%2Fcomments&post=92"}],"version-history":[{"count":4,"href":"https:\/\/www.aufhausen-ndb.de\/index.php?rest_route=\/wp\/v2\/pages\/92\/revisions"}],"predecessor-version":[{"id":104,"href":"https:\/\/www.aufhausen-ndb.de\/index.php?rest_route=\/wp\/v2\/pages\/92\/revisions\/104"}],"up":[{"embeddable":true,"href":"https:\/\/www.aufhausen-ndb.de\/index.php?rest_route=\/wp\/v2\/pages\/19"}],"wp:attachment":[{"href":"https:\/\/www.aufhausen-ndb.de\/index.php?rest_route=%2Fwp%2Fv2%2Fmedia&parent=92"}],"curies":[{"name":"wp","href":"https:\/\/api.w.org\/{rel}","templated":true}]}}